{"id":71116,"date":"2025-12-12T15:14:43","date_gmt":"2025-12-12T13:14:43","guid":{"rendered":"https:\/\/lundagerplants.com\/produkter\/80310262-alegre\/"},"modified":"2025-12-15T15:52:13","modified_gmt":"2025-12-15T13:52:13","slug":"80310262-alegre","status":"publish","type":"product","link":"https:\/\/lundagerplants.com\/fr\/produits\/80310262-alegre\/","title":{"rendered":"Alegre"},"content":{"rendered":"<p>Bem\u00e6rk: Dette keramiske produkt er glaseret med en reaktiv glasur, hvilket giver hvert enkelt stykke sin helt egen karakter.<br \/>\nDerfor kan der forekomme sm\u00e5 variationer i farve og finish fra levering til levering.<\/p>\n<p>Vores billeder viser standardproduktet, men glasuren skaber naturligt unikke detaljer i hvert stykke. Disse variationer er en del af produktets s\u00e6rlige udtryk, uden at g\u00e5 p\u00e5 kompromis med kvaliteten.<\/p>\n","protected":false},"excerpt":{"rendered":"<p>LUNDAGER HOME produkt<\/p>\n<p>Dette produkt h\u00f8rer til vores Alegre-kollektion. Alegre betyder \u201cglad\u201d p\u00e5 portugisisk og kollektionen lever i h\u00f8j grad op til sit navn.<\/p>\n<p>Hvert stykke emmer af karakter, hvor glasurst\u00e6nk danser hen over overfladen. Ingen to er ens, spontane, udtryksfulde og fulde af liv.<\/p>\n<p>1 varer pr. kasse<br \/>\n15 kasser pr. lag<br \/>\n60 antal kasser pr. Europalle<\/p>\n<p>\ud83c\uddea\ud83c\uddfa Dansk design, h\u00e5ndlavet i Europa<\/p>\n","protected":false},"featured_media":71110,"template":"","meta":{"_acf_changed":false},"product_brand":[],"product_cat":[794,793],"product_tag":[],"class_list":{"0":"post-71116","1":"product","2":"type-product","3":"status-publish","4":"has-post-thumbnail","6":"product_cat-dekorative-vaser","7":"product_cat-lundager-home","9":"first","10":"instock","11":"shipping-taxable","12":"product-type-simple"},"acf":[],"_links":{"self":[{"href":"https:\/\/lundagerplants.com\/fr\/wp-json\/wp\/v2\/product\/71116","targetHints":{"allow":["GET"]}}],"collection":[{"href":"https:\/\/lundagerplants.com\/fr\/wp-json\/wp\/v2\/product"}],"about":[{"href":"https:\/\/lundagerplants.com\/fr\/wp-json\/wp\/v2\/types\/product"}],"wp:featuredmedia":[{"embeddable":true,"href":"https:\/\/lundagerplants.com\/fr\/wp-json\/wp\/v2\/media\/71110"}],"wp:attachment":[{"href":"https:\/\/lundagerplants.com\/fr\/wp-json\/wp\/v2\/media?parent=71116"}],"wp:term":[{"taxonomy":"product_brand","embeddable":true,"href":"https:\/\/lundagerplants.com\/fr\/wp-json\/wp\/v2\/product_brand?post=71116"},{"taxonomy":"product_cat","embeddable":true,"href":"https:\/\/lundagerplants.com\/fr\/wp-json\/wp\/v2\/product_cat?post=71116"},{"taxonomy":"product_tag","embeddable":true,"href":"https:\/\/lundagerplants.com\/fr\/wp-json\/wp\/v2\/product_tag?post=71116"}],"curies":[{"name":"wp","href":"https:\/\/api.w.org\/{rel}","templated":true}]}}