{"id":63495,"date":"2025-04-08T09:56:47","date_gmt":"2025-04-08T07:56:47","guid":{"rendered":"https:\/\/lundagerplants.com\/produkter\/l-797-vase-moyen\/"},"modified":"2025-04-08T09:56:47","modified_gmt":"2025-04-08T07:56:47","slug":"l-797-vase-moyen","status":"publish","type":"product","link":"https:\/\/lundagerplants.com\/fr\/produits\/l-797-vase-moyen\/","title":{"rendered":"L 797 Vase moyen"},"content":{"rendered":"<p><span data-contrast=\"auto\">Ces vases sont fabriqu\u00e9s \u00e0 la main et ont une gla\u00e7ure r\u00e9active unique qui garantit que chaque vase est unique avec des variations distinctes de texture et de couleur. Ils font partie de la collection LUNDAGER HOME et allient l&rsquo;artisanat traditionnel au design moderne. <\/span><span data-ccp-props=\"{\"134233117\":false,\"134233118\":false,\"335559738\":240,\"335559739\":240}\"> <\/span><\/p>\n<p><span data-contrast=\"auto\">La technique de l&rsquo;\u00e9mail r\u00e9actif, d\u00e9velopp\u00e9e dans la c\u00e9ramique chinoise il y a plus de 1 000 ans, ajoute une riche touche historique \u00e0 ces pi\u00e8ces modernes, ce qui en fait le choix id\u00e9al pour les clients en qu\u00eate d&rsquo;\u00e9l\u00e9gance et d&rsquo;exclusivit\u00e9.<\/span><span data-ccp-props=\"{\"134233117\":false,\"134233118\":false,\"335559738\":240,\"335559739\":240}\"> <\/span><\/p>\n","protected":false},"excerpt":{"rendered":"<p>Ces vases sont fabriqu\u00e9s \u00e0 la main et ont une gla\u00e7ure r\u00e9active unique qui garantit que chaque vase est unique avec des variations distinctes de texture et de couleur. Ils font partie de la collection LUNDAGER HOME et allient l&rsquo;artisanat traditionnel au design moderne. La technique de l&rsquo;\u00e9mail r\u00e9actif, d\u00e9velopp\u00e9e dans la c\u00e9ramique chinoise il [&hellip;]<\/p>\n","protected":false},"featured_media":63491,"template":"","meta":{"_acf_changed":false},"product_brand":[],"product_cat":[806,690,796],"product_tag":[755,756],"class_list":{"0":"post-63495","1":"product","2":"type-product","3":"status-publish","4":"has-post-thumbnail","6":"product_cat-gamme-de-vases-en-gres-de-lundager","7":"product_cat-toutes-les-categories","8":"product_cat-vases-decoratifs","9":"product_tag-actualites","10":"product_tag-nouvelle-valeur-ajoutee","12":"first","13":"instock","14":"shipping-taxable","15":"product-type-simple"},"acf":[],"_links":{"self":[{"href":"https:\/\/lundagerplants.com\/fr\/wp-json\/wp\/v2\/product\/63495","targetHints":{"allow":["GET"]}}],"collection":[{"href":"https:\/\/lundagerplants.com\/fr\/wp-json\/wp\/v2\/product"}],"about":[{"href":"https:\/\/lundagerplants.com\/fr\/wp-json\/wp\/v2\/types\/product"}],"wp:featuredmedia":[{"embeddable":true,"href":"https:\/\/lundagerplants.com\/fr\/wp-json\/wp\/v2\/media\/63491"}],"wp:attachment":[{"href":"https:\/\/lundagerplants.com\/fr\/wp-json\/wp\/v2\/media?parent=63495"}],"wp:term":[{"taxonomy":"product_brand","embeddable":true,"href":"https:\/\/lundagerplants.com\/fr\/wp-json\/wp\/v2\/product_brand?post=63495"},{"taxonomy":"product_cat","embeddable":true,"href":"https:\/\/lundagerplants.com\/fr\/wp-json\/wp\/v2\/product_cat?post=63495"},{"taxonomy":"product_tag","embeddable":true,"href":"https:\/\/lundagerplants.com\/fr\/wp-json\/wp\/v2\/product_tag?post=63495"}],"curies":[{"name":"wp","href":"https:\/\/api.w.org\/{rel}","templated":true}]}}