{"id":71194,"date":"2025-12-12T15:43:03","date_gmt":"2025-12-12T13:43:03","guid":{"rendered":"https:\/\/lundagerplants.com\/produkter\/80290217-argila\/"},"modified":"2025-12-15T15:54:07","modified_gmt":"2025-12-15T13:54:07","slug":"80290217-argila","status":"publish","type":"product","link":"https:\/\/lundagerplants.com\/pl\/produkty\/80290217-argila\/","title":{"rendered":"Argila"},"content":{"rendered":"","protected":false},"excerpt":{"rendered":"<p>LUNDAGER HOME produkt<\/p>\n<p>Dette produkt h\u00f8rer til vores Argila-kollektion. Argila begynder i jorden, r\u00e5 og uj\u00e6vn. Den nederste del b\u00e6rer jordens rustikke tekstur, mens den \u00f8verste glasur hvisker om forfinelse. En fort\u00e6lling om forvandling, udtrykt gennem struktur og tone.<\/p>\n<p>2 varer pr. kasse<br \/>\n7 kasser pr. lag<br \/>\n84 antal kasser pr. Europalle<\/p>\n<p>\ud83c\uddea\ud83c\uddfa Dansk design, h\u00e5ndlavet i Europa<\/p>\n","protected":false},"featured_media":71188,"template":"","meta":{"_acf_changed":false},"product_brand":[],"product_cat":[793,857],"product_tag":[],"class_list":{"0":"post-71194","1":"product","2":"type-product","3":"status-publish","4":"has-post-thumbnail","6":"product_cat-lundager-home","7":"product_cat-plantepotter","9":"first","10":"instock","11":"shipping-taxable","12":"product-type-simple"},"acf":[],"_links":{"self":[{"href":"https:\/\/lundagerplants.com\/pl\/wp-json\/wp\/v2\/product\/71194","targetHints":{"allow":["GET"]}}],"collection":[{"href":"https:\/\/lundagerplants.com\/pl\/wp-json\/wp\/v2\/product"}],"about":[{"href":"https:\/\/lundagerplants.com\/pl\/wp-json\/wp\/v2\/types\/product"}],"wp:featuredmedia":[{"embeddable":true,"href":"https:\/\/lundagerplants.com\/pl\/wp-json\/wp\/v2\/media\/71188"}],"wp:attachment":[{"href":"https:\/\/lundagerplants.com\/pl\/wp-json\/wp\/v2\/media?parent=71194"}],"wp:term":[{"taxonomy":"product_brand","embeddable":true,"href":"https:\/\/lundagerplants.com\/pl\/wp-json\/wp\/v2\/product_brand?post=71194"},{"taxonomy":"product_cat","embeddable":true,"href":"https:\/\/lundagerplants.com\/pl\/wp-json\/wp\/v2\/product_cat?post=71194"},{"taxonomy":"product_tag","embeddable":true,"href":"https:\/\/lundagerplants.com\/pl\/wp-json\/wp\/v2\/product_tag?post=71194"}],"curies":[{"name":"wp","href":"https:\/\/api.w.org\/{rel}","templated":true}]}}