{"id":16323,"date":"2020-05-05T12:17:47","date_gmt":"2020-05-05T10:17:47","guid":{"rendered":"https:\/\/lundagerplants.com\/?product=calathea-freddie"},"modified":"2022-12-01T12:30:06","modified_gmt":"2022-12-01T10:30:06","slug":"calathea-freddie","status":"publish","type":"product","link":"https:\/\/lundagerplants.com\/pl\/produkty\/calathea-freddie\/","title":{"rendered":"Calathea Freddie"},"content":{"rendered":"","protected":false},"excerpt":{"rendered":"<p>8 stk i kassen<\/p>\n<p>4 kasser eller 32 stk \/ lag<\/p>\n<p>6 lag eller 24 kasser 192 stk\u00a0\/ CC<\/p>\n<p>Vi b\u00e6rer intet ansvar for, at planter \u00e6ndrer farver og st\u00f8rrelse afh\u00e6ngig af s\u00e6sonen. Planternes s\u00e6sonbetingede v\u00e6kstforandringer betragtes ikke som fejl eller mangel. Varernes ydre tilstand kan variere fra billedet p\u00e5\u00a0<a href=\"http:\/\/www.lundagerplants.com\/\">www.lundagerplants.com<\/a>.<\/p>\n","protected":false},"featured_media":16324,"template":"","meta":{"_acf_changed":false},"product_brand":[],"product_cat":[415,292,322],"product_tag":[],"class_list":{"0":"post-16323","1":"product","2":"type-product","3":"status-publish","4":"has-post-thumbnail","6":"product_cat-groenne-planter","7":"product_cat-alle-kategorier","8":"product_cat-gronne-planter-12-cm","10":"first","11":"outofstock","12":"shipping-taxable","13":"product-type-simple"},"acf":[],"_links":{"self":[{"href":"https:\/\/lundagerplants.com\/pl\/wp-json\/wp\/v2\/product\/16323","targetHints":{"allow":["GET"]}}],"collection":[{"href":"https:\/\/lundagerplants.com\/pl\/wp-json\/wp\/v2\/product"}],"about":[{"href":"https:\/\/lundagerplants.com\/pl\/wp-json\/wp\/v2\/types\/product"}],"wp:featuredmedia":[{"embeddable":true,"href":"https:\/\/lundagerplants.com\/pl\/wp-json\/wp\/v2\/media\/16324"}],"wp:attachment":[{"href":"https:\/\/lundagerplants.com\/pl\/wp-json\/wp\/v2\/media?parent=16323"}],"wp:term":[{"taxonomy":"product_brand","embeddable":true,"href":"https:\/\/lundagerplants.com\/pl\/wp-json\/wp\/v2\/product_brand?post=16323"},{"taxonomy":"product_cat","embeddable":true,"href":"https:\/\/lundagerplants.com\/pl\/wp-json\/wp\/v2\/product_cat?post=16323"},{"taxonomy":"product_tag","embeddable":true,"href":"https:\/\/lundagerplants.com\/pl\/wp-json\/wp\/v2\/product_tag?post=16323"}],"curies":[{"name":"wp","href":"https:\/\/api.w.org\/{rel}","templated":true}]}}