{"id":70525,"date":"2025-12-09T12:23:44","date_gmt":"2025-12-09T10:23:44","guid":{"rendered":"https:\/\/lundagerplants.com\/?post_type=product&#038;p=70525"},"modified":"2025-12-09T12:26:56","modified_gmt":"2025-12-09T10:26:56","slug":"peperomia-caperata-caracas-2","status":"publish","type":"product","link":"https:\/\/lundagerplants.com\/pl\/produkty\/peperomia-caperata-caracas-2\/","title":{"rendered":"Peperomia Caperata Caracas\u00ae"},"content":{"rendered":"<p><span class=\"TextRun SCXW251819664 BCX0\" lang=\"EN-GB\" xml:lang=\"EN-GB\" data-contrast=\"auto\"><span class=\"NormalTextRun SCXW251819664 BCX0\">Vi <\/span><span class=\"NormalTextRun SpellingErrorV2Themed SCXW251819664 BCX0\">b\u00e6rer<\/span> <span class=\"NormalTextRun SpellingErrorV2Themed SCXW251819664 BCX0\">intet<\/span> <span class=\"NormalTextRun SpellingErrorV2Themed SCXW251819664 BCX0\">ansvar<\/span><span class=\"NormalTextRun SCXW251819664 BCX0\"> for, at planter <\/span><span class=\"NormalTextRun SpellingErrorV2Themed SCXW251819664 BCX0\">\u00e6ndrer<\/span> <span class=\"NormalTextRun SpellingErrorV2Themed SCXW251819664 BCX0\">farve<\/span> <span class=\"NormalTextRun SpellingErrorV2Themed SCXW251819664 BCX0\">og<\/span> <span class=\"NormalTextRun SpellingErrorV2Themed SCXW251819664 BCX0\">st\u00f8rrelse<\/span> <span class=\"NormalTextRun SpellingErrorV2Themed SCXW251819664 BCX0\">afh\u00e6ngigt<\/span> <span class=\"NormalTextRun SpellingErrorV2Themed SCXW251819664 BCX0\">af<\/span> <span class=\"NormalTextRun SpellingErrorV2Themed SCXW251819664 BCX0\">s\u00e6sonen<\/span><span class=\"NormalTextRun SCXW251819664 BCX0\">. <\/span><span class=\"NormalTextRun SpellingErrorV2Themed SCXW251819664 BCX0\">S\u00e6sonbetingede<\/span> <span class=\"NormalTextRun SpellingErrorV2Themed SCXW251819664 BCX0\">v\u00e6kstforandringer<\/span> <span class=\"NormalTextRun SpellingErrorV2Themed SCXW251819664 BCX0\">betragtes<\/span> <span class=\"NormalTextRun SpellingErrorV2Themed SCXW251819664 BCX0\">derfor<\/span> <span class=\"NormalTextRun SpellingErrorV2Themed SCXW251819664 BCX0\">ikke<\/span> <span class=\"NormalTextRun SpellingErrorV2Themed SCXW251819664 BCX0\">som<\/span> <span class=\"NormalTextRun SpellingErrorV2Themed SCXW251819664 BCX0\">en<\/span> <span class=\"NormalTextRun SpellingErrorV2Themed SCXW251819664 BCX0\">fejl<\/span> <span class=\"NormalTextRun SpellingErrorV2Themed SCXW251819664 BCX0\">eller<\/span> <span class=\"NormalTextRun SpellingErrorV2Themed SCXW251819664 BCX0\">mangel<\/span><span class=\"NormalTextRun SCXW251819664 BCX0\">. <\/span><span class=\"NormalTextRun SpellingErrorV2Themed SCXW251819664 BCX0\">Varernes<\/span> <span class=\"NormalTextRun SpellingErrorV2Themed SCXW251819664 BCX0\">ydre<\/span> <span class=\"NormalTextRun SpellingErrorV2Themed SCXW251819664 BCX0\">tilstand<\/span> <span class=\"NormalTextRun SpellingErrorV2Themed SCXW251819664 BCX0\">kan<\/span> <span class=\"NormalTextRun SpellingErrorV2Themed SCXW251819664 BCX0\">variere<\/span> <span class=\"NormalTextRun SpellingErrorV2Themed SCXW251819664 BCX0\">fra<\/span> <span class=\"NormalTextRun SpellingErrorV2Themed SCXW251819664 BCX0\">billedet<\/span> <span class=\"NormalTextRun SpellingErrorV2Themed SCXW251819664 BCX0\">p\u00e5<\/span> <\/span><a class=\"Hyperlink SCXW251819664 BCX0\" href=\"http:\/\/www.lundagerplants.com\/\" target=\"_blank\" rel=\"noreferrer noopener\"><span class=\"TextRun Underlined SCXW251819664 BCX0\" lang=\"EN-GB\" xml:lang=\"EN-GB\" data-contrast=\"none\"><span class=\"NormalTextRun SCXW251819664 BCX0\" data-ccp-charstyle=\"Hyperlink\">www.lundagerplants.com<\/span><\/span><\/a><span class=\"TextRun SCXW251819664 BCX0\" lang=\"EN-GB\" xml:lang=\"EN-GB\" data-contrast=\"auto\"><span class=\"NormalTextRun SCXW251819664 BCX0\">. <\/span><span class=\"NormalTextRun SpellingErrorV2Themed SCXW251819664 BCX0\">Bes\u00f8g<\/span> <span class=\"NormalTextRun SpellingErrorV2Themed SCXW251819664 BCX0\">vores<\/span> <\/span><span class=\"TextRun MacChromeBold SCXW251819664 BCX0\" lang=\"EN-GB\" xml:lang=\"EN-GB\" data-contrast=\"auto\"><span class=\"NormalTextRun SCXW251819664 BCX0\">Added Value<\/span><\/span><span class=\"TextRun SCXW251819664 BCX0\" lang=\"EN-GB\" xml:lang=\"EN-GB\" data-contrast=\"auto\"><span class=\"NormalTextRun SCXW251819664 BCX0\">&#8211;<\/span><span class=\"NormalTextRun SpellingErrorV2Themed SCXW251819664 BCX0\">kollektion<\/span><span class=\"NormalTextRun SCXW251819664 BCX0\">, <\/span><span class=\"NormalTextRun SpellingErrorV2Themed SCXW251819664 BCX0\">hvor<\/span><span class=\"NormalTextRun SCXW251819664 BCX0\"> du <\/span><span class=\"NormalTextRun SpellingErrorV2Themed SCXW251819664 BCX0\">bl.a<\/span><span class=\"NormalTextRun SCXW251819664 BCX0\">. finder <\/span><span class=\"NormalTextRun SpellingErrorV2Themed SCXW251819664 BCX0\">keramik<\/span> <span class=\"NormalTextRun SpellingErrorV2Themed SCXW251819664 BCX0\">i<\/span> <span class=\"NormalTextRun SpellingErrorV2Themed SCXW251819664 BCX0\">vores<\/span> <span class=\"NormalTextRun SpellingErrorV2Themed SCXW251819664 BCX0\">eget<\/span><span class=\"NormalTextRun SCXW251819664 BCX0\"> design, <\/span><span class=\"NormalTextRun SpellingErrorV2Themed SCXW251819664 BCX0\">skabt<\/span> <span class=\"NormalTextRun SpellingErrorV2Themed SCXW251819664 BCX0\">til<\/span><span class=\"NormalTextRun SCXW251819664 BCX0\"> at <\/span><span class=\"NormalTextRun SpellingErrorV2Themed SCXW251819664 BCX0\">komplementere<\/span> <span class=\"NormalTextRun SpellingErrorV2Themed SCXW251819664 BCX0\">vores<\/span> <span class=\"NormalTextRun SpellingErrorV2Themed SCXW251819664 BCX0\">udvalg<\/span> <span class=\"NormalTextRun SpellingErrorV2Themed SCXW251819664 BCX0\">af<\/span><span class=\"NormalTextRun SCXW251819664 BCX0\"> planter.<\/span><\/span><span class=\"EOP SCXW251819664 BCX0\" data-ccp-props=\"{}\">\u00a0<\/span><\/p>\n","protected":false},"excerpt":{"rendered":"<p>Vi b\u00e6rer intet ansvar for, at planter \u00e6ndrer farve og st\u00f8rrelse afh\u00e6ngigt af s\u00e6sonen. S\u00e6sonbetingede v\u00e6kstforandringer betragtes derfor ikke som en fejl eller mangel. Varernes ydre tilstand kan variere fra billedet p\u00e5 www.lundagerplants.com. Bes\u00f8g vores Added Value&#8211;kollektion, hvor du bl.a. finder keramik i vores eget design, skabt til at komplementere vores udvalg af planter.\u00a0<\/p>\n","protected":false},"featured_media":0,"template":"","meta":{"_acf_changed":false},"product_brand":[],"product_cat":[637,322],"product_tag":[],"class_list":{"0":"post-70525","1":"product","2":"type-product","3":"status-publish","5":"product_cat-tingdal-by-lundager","6":"product_cat-gronne-planter-12-cm","8":"first","9":"instock","10":"shipping-taxable","11":"product-type-simple"},"acf":[],"_links":{"self":[{"href":"https:\/\/lundagerplants.com\/pl\/wp-json\/wp\/v2\/product\/70525","targetHints":{"allow":["GET"]}}],"collection":[{"href":"https:\/\/lundagerplants.com\/pl\/wp-json\/wp\/v2\/product"}],"about":[{"href":"https:\/\/lundagerplants.com\/pl\/wp-json\/wp\/v2\/types\/product"}],"wp:attachment":[{"href":"https:\/\/lundagerplants.com\/pl\/wp-json\/wp\/v2\/media?parent=70525"}],"wp:term":[{"taxonomy":"product_brand","embeddable":true,"href":"https:\/\/lundagerplants.com\/pl\/wp-json\/wp\/v2\/product_brand?post=70525"},{"taxonomy":"product_cat","embeddable":true,"href":"https:\/\/lundagerplants.com\/pl\/wp-json\/wp\/v2\/product_cat?post=70525"},{"taxonomy":"product_tag","embeddable":true,"href":"https:\/\/lundagerplants.com\/pl\/wp-json\/wp\/v2\/product_tag?post=70525"}],"curies":[{"name":"wp","href":"https:\/\/api.w.org\/{rel}","templated":true}]}}