{"id":69682,"date":"2025-10-15T09:29:16","date_gmt":"2025-10-15T07:29:16","guid":{"rendered":"https:\/\/lundagerplants.com\/produkter\/aglaonema-pictum-tricolor\/"},"modified":"2025-10-15T09:29:16","modified_gmt":"2025-10-15T07:29:16","slug":"aglaonema-pictum-tricolor","status":"publish","type":"product","link":"https:\/\/lundagerplants.com\/pl\/produkty\/aglaonema-pictum-tricolor\/","title":{"rendered":"Aglaonema Pictum Tricolor"},"content":{"rendered":"","protected":false},"excerpt":{"rendered":"<div class=\"elementor-element elementor-element-9b965c8 elementor-widget elementor-widget-woocommerce-product-title elementor-page-title elementor-widget-heading is-mac\" data-id=\"9b965c8\" data-element_type=\"widget\" data-widget_type=\"woocommerce-product-title.default\">\n<div class=\"elementor-widget-container\">\n<p>12 sztuk w opakowaniu<\/p>\n<\/div>\n<\/div>\n<div class=\"elementor-element elementor-element-6ea59f0 elementor-widget elementor-widget-woocommerce-product-short-description is-mac\" data-id=\"6ea59f0\" data-element_type=\"widget\" data-widget_type=\"woocommerce-product-short-description.default\">\n<div class=\"elementor-widget-container\">\n<div class=\"woocommerce-product-details__short-description\">\n<p>10 pude\u0142ek lub 120 sztuk \/ warstwa<\/p>\n<p>11 warstw lub 110 pude\u0142ek lub 1320 sztuk \/ CC<\/p>\n<p>Nie ponosimy odpowiedzialno\u015bci za ro\u015bliny zmieniaj\u0105ce kolor i rozmiar w zale\u017cno\u015bci od pory roku. Sezonowe zmiany we wzro\u015bcie ro\u015blin nie s\u0105 uwa\u017cane za wad\u0119 lub usterk\u0119. Zewn\u0119trzny stan towar\u00f3w mo\u017ce r\u00f3\u017cni\u0107 si\u0119 od przedstawionego na stronie <a href=\"https:\/\/www.lundagerplants.com\/\">www.lundagerplants.com.<\/a><\/p>\n<\/div>\n<\/div>\n<\/div>\n","protected":false},"featured_media":54725,"template":"","meta":{"_acf_changed":false},"product_brand":[],"product_cat":[838,591,592,515],"product_tag":[],"class_list":{"0":"post-69682","1":"product","2":"type-product","3":"status-publish","4":"has-post-thumbnail","6":"product_cat-aglaonema-pl","7":"product_cat-rosliny-zielone","8":"product_cat-rosliny-zielone-6-cm","9":"product_cat-wszystkie-kategorie","11":"first","12":"instock","13":"shipping-taxable","14":"product-type-simple"},"acf":[],"_links":{"self":[{"href":"https:\/\/lundagerplants.com\/pl\/wp-json\/wp\/v2\/product\/69682","targetHints":{"allow":["GET"]}}],"collection":[{"href":"https:\/\/lundagerplants.com\/pl\/wp-json\/wp\/v2\/product"}],"about":[{"href":"https:\/\/lundagerplants.com\/pl\/wp-json\/wp\/v2\/types\/product"}],"wp:featuredmedia":[{"embeddable":true,"href":"https:\/\/lundagerplants.com\/pl\/wp-json\/wp\/v2\/media\/54725"}],"wp:attachment":[{"href":"https:\/\/lundagerplants.com\/pl\/wp-json\/wp\/v2\/media?parent=69682"}],"wp:term":[{"taxonomy":"product_brand","embeddable":true,"href":"https:\/\/lundagerplants.com\/pl\/wp-json\/wp\/v2\/product_brand?post=69682"},{"taxonomy":"product_cat","embeddable":true,"href":"https:\/\/lundagerplants.com\/pl\/wp-json\/wp\/v2\/product_cat?post=69682"},{"taxonomy":"product_tag","embeddable":true,"href":"https:\/\/lundagerplants.com\/pl\/wp-json\/wp\/v2\/product_tag?post=69682"}],"curies":[{"name":"wp","href":"https:\/\/api.w.org\/{rel}","templated":true}]}}