{"id":67292,"date":"2025-05-15T13:07:04","date_gmt":"2025-05-15T11:07:04","guid":{"rendered":"https:\/\/lundagerplants.com\/produkter\/cordyline-fruticosa-purple-compacta-cane\/"},"modified":"2025-05-15T13:07:04","modified_gmt":"2025-05-15T11:07:04","slug":"cordyline-fruticosa-purple-compacta-cane","status":"publish","type":"product","link":"https:\/\/lundagerplants.com\/pl\/produkty\/cordyline-fruticosa-purple-compacta-cane\/","title":{"rendered":"Cordyline Fruticosa Purple Compacta Cane"},"content":{"rendered":"<p><span class=\"TextRun SCXW158794092 BCX0\" lang=\"EN-GB\" data-contrast=\"auto\" xml:lang=\"EN-GB\"><span class=\"NormalTextRun SCXW158794092 BCX0\">Vi  <\/span><span class=\"NormalTextRun SpellingErrorV2Themed SCXW158794092 BCX0\">okaziciel<\/span> <span class=\"NormalTextRun SpellingErrorV2Themed SCXW158794092 BCX0\">nic<\/span> <span class=\"NormalTextRun SpellingErrorV2Themed SCXW158794092 BCX0\">Odpowiedzialno\u015b\u0107<\/span><span class=\"NormalTextRun SCXW158794092 BCX0\">  aby ro\u015bliny  <\/span><span class=\"NormalTextRun SpellingErrorV2Themed SCXW158794092 BCX0\">zmiany<\/span> <span class=\"NormalTextRun SpellingErrorV2Themed SCXW158794092 BCX0\">Kolor<\/span> <span class=\"NormalTextRun SpellingErrorV2Themed SCXW158794092 BCX0\">oraz<\/span> <span class=\"NormalTextRun SpellingErrorV2Themed SCXW158794092 BCX0\">Rozmiar<\/span> <span class=\"NormalTextRun SpellingErrorV2Themed SCXW158794092 BCX0\">zale\u017cny<\/span> <span class=\"NormalTextRun SpellingErrorV2Themed SCXW158794092 BCX0\">z<\/span> <span class=\"NormalTextRun SpellingErrorV2Themed SCXW158794092 BCX0\">sezon<\/span><span class=\"NormalTextRun SCXW158794092 BCX0\">.  <\/span><span class=\"NormalTextRun SpellingErrorV2Themed SCXW158794092 BCX0\">Sezonowo\u015b\u0107<\/span> <span class=\"NormalTextRun SpellingErrorV2Themed SCXW158794092 BCX0\">zmiany wzrostu<\/span> <span class=\"NormalTextRun SpellingErrorV2Themed SCXW158794092 BCX0\">rozwa\u017cany<\/span> <span class=\"NormalTextRun SpellingErrorV2Themed SCXW158794092 BCX0\">w zwi\u0105zku z tym<\/span> <span class=\"NormalTextRun SpellingErrorV2Themed SCXW158794092 BCX0\">nie<\/span> <span class=\"NormalTextRun SpellingErrorV2Themed SCXW158794092 BCX0\">jak<\/span> <span class=\"NormalTextRun SpellingErrorV2Themed SCXW158794092 BCX0\">oraz<\/span> <span class=\"NormalTextRun SpellingErrorV2Themed SCXW158794092 BCX0\">b\u0142\u0105d<\/span> <span class=\"NormalTextRun SpellingErrorV2Themed SCXW158794092 BCX0\">lub<\/span> <span class=\"NormalTextRun SpellingErrorV2Themed SCXW158794092 BCX0\">magiel<\/span><span class=\"NormalTextRun SCXW158794092 BCX0\">.  <\/span><span class=\"NormalTextRun SpellingErrorV2Themed SCXW158794092 BCX0\">Towary<\/span> <span class=\"NormalTextRun SpellingErrorV2Themed SCXW158794092 BCX0\">zewn\u0119trzny<\/span> <span class=\"NormalTextRun SpellingErrorV2Themed SCXW158794092 BCX0\">Stan<\/span> <span class=\"NormalTextRun SpellingErrorV2Themed SCXW158794092 BCX0\">puszka<\/span> <span class=\"NormalTextRun SpellingErrorV2Themed SCXW158794092 BCX0\">r\u00f3\u017cni\u0107 si\u0119<\/span> <span class=\"NormalTextRun SpellingErrorV2Themed SCXW158794092 BCX0\">z<\/span> <span class=\"NormalTextRun SpellingErrorV2Themed SCXW158794092 BCX0\">obraz<\/span> <span class=\"NormalTextRun SpellingErrorV2Themed SCXW158794092 BCX0\">na<\/span> <\/span><a class=\"Hyperlink SCXW158794092 BCX0\" href=\"http:\/\/www.lundagerplants.com\/\" target=\"_blank\" rel=\"noreferrer noopener\"><span class=\"TextRun Underlined SCXW158794092 BCX0\" lang=\"EN-GB\" data-contrast=\"none\"><span class=\"NormalTextRun SCXW158794092 BCX0\" data-ccp-charstyle=\"Hyperlink\">www.lundagerplants.com<\/span><\/span><\/a><span class=\"TextRun SCXW158794092 BCX0\" lang=\"EN-GB\" data-contrast=\"auto\"><span class=\"NormalTextRun SCXW158794092 BCX0\">. <\/span><span class=\"NormalTextRun SpellingErrorV2Themed SCXW158794092 BCX0\">Odwied\u017a nasz\u0105 stron\u0119<\/span> <span class=\"NormalTextRun SpellingErrorV2Themed SCXW158794092 BCX0\">nasz<\/span> <\/span><span class=\"TextRun MacChromeBold SCXW158794092 BCX0\" lang=\"EN-GB\" data-contrast=\"auto\"><span class=\"NormalTextRun SCXW158794092 BCX0\">Warto\u015b\u0107 dodana<\/span><\/span><span class=\"TextRun SCXW158794092 BCX0\" lang=\"EN-GB\" data-contrast=\"auto\" xml:lang=\"EN-GB\"><span class=\"NormalTextRun SCXW158794092 BCX0\">&#8211;<\/span><span class=\"NormalTextRun SpellingErrorV2Themed SCXW158794092 BCX0\">kolekcja<\/span><span class=\"NormalTextRun SCXW158794092 BCX0\">, <\/span><span class=\"NormalTextRun SpellingErrorV2Themed SCXW158794092 BCX0\">gdzie<\/span><span class=\"NormalTextRun SCXW158794092 BCX0\"> ty <\/span><span class=\"NormalTextRun SpellingErrorV2Themed SCXW158794092 BCX0\">mi\u0119dzy innymi<\/span><span class=\"NormalTextRun SCXW158794092 BCX0\">. znale\u017a\u0107  <\/span><span class=\"NormalTextRun SpellingErrorV2Themed SCXW158794092 BCX0\">ceramika<\/span> <span class=\"NormalTextRun SpellingErrorV2Themed SCXW158794092 BCX0\">i<\/span> <span class=\"NormalTextRun SpellingErrorV2Themed SCXW158794092 BCX0\">nasza<\/span> <span class=\"NormalTextRun SpellingErrorV2Themed SCXW158794092 BCX0\">w\u0142asny<\/span><span class=\"NormalTextRun SCXW158794092 BCX0\"> w\u0142asny projekt, <\/span><span class=\"NormalTextRun SpellingErrorV2Themed SCXW158794092 BCX0\">stworzona<\/span> <span class=\"NormalTextRun SpellingErrorV2Themed SCXW158794092 BCX0\">do<\/span><span class=\"NormalTextRun SCXW158794092 BCX0\"> do <\/span><span class=\"NormalTextRun SpellingErrorV2Themed SCXW158794092 BCX0\">uzupe\u0142nienie<\/span> <span class=\"NormalTextRun SpellingErrorV2Themed SCXW158794092 BCX0\">nasz<\/span> <span class=\"NormalTextRun SpellingErrorV2Themed SCXW158794092 BCX0\">zakres<\/span> <span class=\"NormalTextRun SpellingErrorV2Themed SCXW158794092 BCX0\">ro\u015blin<\/span><span class=\"NormalTextRun SCXW158794092 BCX0\"> ro\u015blin.<\/span><\/span><span class=\"EOP SCXW158794092 BCX0\" data-ccp-props=\"{}\"> <\/span><\/p>\n","protected":false},"excerpt":{"rendered":"<p><span style=\"color: #2f2f2f; font-family: 'Arial','sans-serif'; font-size: 9pt;\">12 sztuk w pude\u0142ku<!--?xml:namespace prefix = \"o\" ns = \"urn:schemas-microsoft-com:office:office\" \/--><\/span><!--?xml:namespace prefix = \"o\" ns = \"urn:schemas-microsoft-com:office:office\" \/--><!--?xml:namespace prefix = \"o\" ns = \"urn:schemas-microsoft-com:office:office\" \/--><\/p>\n<p><span style=\"color: #2f2f2f; font-family: 'Arial','sans-serif'; font-size: 9pt;\">10 pude\u0142ek lub 120 sztuk \/ warstwa<\/span><\/p>\n<p><span style=\"color: #2f2f2f; font-family: 'Arial','sans-serif'; font-size: 9pt;\">90 warstw lub 90 pude\u0142ek lub 1080 sztuk \/ CC<\/span><\/p>\n","protected":false},"featured_media":24562,"template":"","meta":{"_acf_changed":false},"product_brand":[],"product_cat":[591,592,515],"product_tag":[],"class_list":{"0":"post-67292","1":"product","2":"type-product","3":"status-publish","4":"has-post-thumbnail","6":"product_cat-rosliny-zielone","7":"product_cat-rosliny-zielone-6-cm","8":"product_cat-wszystkie-kategorie","10":"first","11":"instock","12":"shipping-taxable","13":"product-type-simple"},"acf":[],"_links":{"self":[{"href":"https:\/\/lundagerplants.com\/pl\/wp-json\/wp\/v2\/product\/67292","targetHints":{"allow":["GET"]}}],"collection":[{"href":"https:\/\/lundagerplants.com\/pl\/wp-json\/wp\/v2\/product"}],"about":[{"href":"https:\/\/lundagerplants.com\/pl\/wp-json\/wp\/v2\/types\/product"}],"wp:featuredmedia":[{"embeddable":true,"href":"https:\/\/lundagerplants.com\/pl\/wp-json\/wp\/v2\/media\/24562"}],"wp:attachment":[{"href":"https:\/\/lundagerplants.com\/pl\/wp-json\/wp\/v2\/media?parent=67292"}],"wp:term":[{"taxonomy":"product_brand","embeddable":true,"href":"https:\/\/lundagerplants.com\/pl\/wp-json\/wp\/v2\/product_brand?post=67292"},{"taxonomy":"product_cat","embeddable":true,"href":"https:\/\/lundagerplants.com\/pl\/wp-json\/wp\/v2\/product_cat?post=67292"},{"taxonomy":"product_tag","embeddable":true,"href":"https:\/\/lundagerplants.com\/pl\/wp-json\/wp\/v2\/product_tag?post=67292"}],"curies":[{"name":"wp","href":"https:\/\/api.w.org\/{rel}","templated":true}]}}