{"id":62801,"date":"2025-04-01T11:11:15","date_gmt":"2025-04-01T09:11:15","guid":{"rendered":"https:\/\/lundagerplants.com\/produkter\/l-67193-z-coffea-arabica-6-cm\/"},"modified":"2025-09-10T09:05:51","modified_gmt":"2025-09-10T07:05:51","slug":"l-67193-z-coffea-arabica-6-cm","status":"publish","type":"product","link":"https:\/\/lundagerplants.com\/pl\/produkty\/l-67193-z-coffea-arabica-6-cm\/","title":{"rendered":"L 67193 z Coffea Arabica 6 cm"},"content":{"rendered":"","protected":false},"excerpt":{"rendered":"<p class=\"p1\"><span class=\"s1\">12 sztuk w opakowaniu<\/span><\/p>\n<p class=\"p1\"><span class=\"s1\">6 pude\u0142ek lub 72 sztuki \/ warstwa<\/span><\/p>\n<p class=\"p1\"><span class=\"s1\">Nie ponosimy odpowiedzialno\u015bci za ro\u015bliny zmieniaj\u0105ce kolor i rozmiar w zale\u017cno\u015bci od pory roku. Sezonowe zmiany we wzro\u015bcie ro\u015blin nie s\u0105 uwa\u017cane za wad\u0119 lub usterk\u0119. Zewn\u0119trzny stan towar\u00f3w mo\u017ce r\u00f3\u017cni\u0107 si\u0119 od przedstawionego na stronie <a href=\"https:\/\/www.lundagerplants.com\/\"><span class=\"s2\">www.lundagerplants.com<\/span><\/a>.  <\/span><\/p>\n<p><strong>Uwaga: Doniczki nie s\u0105 bezpieczne dla \u017cywno\u015bci i nie powinny by\u0107 u\u017cywane do napoj\u00f3w. S\u0105 one przeznaczone wy\u0142\u0105cznie do u\u017cytku dekoracyjnego jako doniczki na ro\u015bliny. <\/strong><\/p>\n<p class=\"p1\"><span class=\"s1\">Sk\u0142ad pude\u0142ek MIX mo\u017ce si\u0119 zmienia\u0107 od czasu do czasu, poniewa\u017c staramy si\u0119 pakowa\u0107 najlepsze ro\u015bliny, jakie mamy w magazynie.<\/span><\/p>\n","protected":false},"featured_media":69387,"template":"","meta":{"_acf_changed":false},"product_brand":[],"product_cat":[788,599],"product_tag":[761,762],"class_list":{"0":"post-62801","1":"product","2":"type-product","3":"status-publish","4":"has-post-thumbnail","6":"product_cat-kamionka-z-ekskluzywnej-linii-lundager","7":"product_cat-nowe-rosliny","8":"product_tag-aktualnosci","9":"product_tag-nowa-wartosc-dodana","11":"first","12":"instock","13":"shipping-taxable","14":"product-type-simple"},"acf":[],"_links":{"self":[{"href":"https:\/\/lundagerplants.com\/pl\/wp-json\/wp\/v2\/product\/62801","targetHints":{"allow":["GET"]}}],"collection":[{"href":"https:\/\/lundagerplants.com\/pl\/wp-json\/wp\/v2\/product"}],"about":[{"href":"https:\/\/lundagerplants.com\/pl\/wp-json\/wp\/v2\/types\/product"}],"wp:featuredmedia":[{"embeddable":true,"href":"https:\/\/lundagerplants.com\/pl\/wp-json\/wp\/v2\/media\/69387"}],"wp:attachment":[{"href":"https:\/\/lundagerplants.com\/pl\/wp-json\/wp\/v2\/media?parent=62801"}],"wp:term":[{"taxonomy":"product_brand","embeddable":true,"href":"https:\/\/lundagerplants.com\/pl\/wp-json\/wp\/v2\/product_brand?post=62801"},{"taxonomy":"product_cat","embeddable":true,"href":"https:\/\/lundagerplants.com\/pl\/wp-json\/wp\/v2\/product_cat?post=62801"},{"taxonomy":"product_tag","embeddable":true,"href":"https:\/\/lundagerplants.com\/pl\/wp-json\/wp\/v2\/product_tag?post=62801"}],"curies":[{"name":"wp","href":"https:\/\/api.w.org\/{rel}","templated":true}]}}