{"id":62400,"date":"2025-03-28T09:35:10","date_gmt":"2025-03-28T07:35:10","guid":{"rendered":"https:\/\/lundagerplants.com\/produkter\/l-67248-z-zielonym-mix-6-cm\/"},"modified":"2025-03-28T10:29:39","modified_gmt":"2025-03-28T08:29:39","slug":"l-67248-z-zielonym-mix-6-cm","status":"publish","type":"product","link":"https:\/\/lundagerplants.com\/pl\/produkty\/l-67248-z-zielonym-mix-6-cm\/","title":{"rendered":"L 67248 z zielonym MIX 6 cm"},"content":{"rendered":"","protected":false},"excerpt":{"rendered":"<p class=\"p1\"><span class=\"s1\">10 sztuk w opakowaniu<\/span><\/p>\n<p class=\"p1\"><span class=\"s1\">6 pude\u0142ek lub 60 sztuk \/ warstwa<\/span><\/p>\n<p class=\"p1\"><span class=\"s1\">Nie ponosimy odpowiedzialno\u015bci za ro\u015bliny zmieniaj\u0105ce kolor i rozmiar w zale\u017cno\u015bci od pory roku. Sezonowe zmiany we wzro\u015bcie ro\u015blin nie s\u0105 uwa\u017cane za wad\u0119 lub usterk\u0119. Zewn\u0119trzny stan towar\u00f3w mo\u017ce r\u00f3\u017cni\u0107 si\u0119 od przedstawionego na stronie <a href=\"https:\/\/www.lundagerplants.com\/\"><span class=\"s2\">www.lundagerplants.com<\/span><\/a>.  <\/span><\/p>\n<p class=\"p1\"><span class=\"s1\">Sk\u0142ad pude\u0142ek MIX mo\u017ce si\u0119 zmienia\u0107 od czasu do czasu, poniewa\u017c staramy si\u0119 pakowa\u0107 najlepsze ro\u015bliny, jakie mamy w magazynie.<\/span><\/p>\n","protected":false},"featured_media":80840,"template":"","meta":{"_acf_changed":false},"product_brand":[],"product_cat":[788,599],"product_tag":[761,762],"class_list":{"0":"post-62400","1":"product","2":"type-product","3":"status-publish","4":"has-post-thumbnail","6":"product_cat-kamionka-z-ekskluzywnej-linii-lundager","7":"product_cat-nowe-rosliny","8":"product_tag-aktualnosci","9":"product_tag-nowa-wartosc-dodana","11":"first","12":"instock","13":"shipping-taxable","14":"product-type-simple"},"acf":[],"_links":{"self":[{"href":"https:\/\/lundagerplants.com\/pl\/wp-json\/wp\/v2\/product\/62400","targetHints":{"allow":["GET"]}}],"collection":[{"href":"https:\/\/lundagerplants.com\/pl\/wp-json\/wp\/v2\/product"}],"about":[{"href":"https:\/\/lundagerplants.com\/pl\/wp-json\/wp\/v2\/types\/product"}],"wp:featuredmedia":[{"embeddable":true,"href":"https:\/\/lundagerplants.com\/pl\/wp-json\/wp\/v2\/media\/80840"}],"wp:attachment":[{"href":"https:\/\/lundagerplants.com\/pl\/wp-json\/wp\/v2\/media?parent=62400"}],"wp:term":[{"taxonomy":"product_brand","embeddable":true,"href":"https:\/\/lundagerplants.com\/pl\/wp-json\/wp\/v2\/product_brand?post=62400"},{"taxonomy":"product_cat","embeddable":true,"href":"https:\/\/lundagerplants.com\/pl\/wp-json\/wp\/v2\/product_cat?post=62400"},{"taxonomy":"product_tag","embeddable":true,"href":"https:\/\/lundagerplants.com\/pl\/wp-json\/wp\/v2\/product_tag?post=62400"}],"curies":[{"name":"wp","href":"https:\/\/api.w.org\/{rel}","templated":true}]}}