{"id":59223,"date":"2020-12-30T12:09:20","date_gmt":"2025-02-18T13:21:37","guid":{"rendered":"https:\/\/lundagerplants.com\/produkter\/l-65594-z-hoya-kerrii-6-cm\/"},"modified":"2025-02-18T15:21:37","modified_gmt":"2025-02-18T13:21:37","slug":"l-65594-z-hoya-kerrii-6-cm","status":"publish","type":"product","link":"https:\/\/lundagerplants.com\/pl\/produkty\/l-65594-z-hoya-kerrii-6-cm\/","title":{"rendered":"L 65594 z Hoya Kerrii 6 cm"},"content":{"rendered":"<p>LUNDAGERPLANTS &#8211; Zaprojektowany przez LUNDAGER<\/p>\n","protected":false},"excerpt":{"rendered":"<div class=\"elementor-element elementor-element-6ea59f0 elementor-widget elementor-widget-woocommerce-product-short-description\" data-id=\"6ea59f0\" data-element_type=\"widget\" data-widget_type=\"woocommerce-product-short-description.default\">\n<div class=\"elementor-widget-container\">\n<div class=\"woocommerce-product-details__short-description\">\n<p>12 sztuk w opakowaniu<\/p>\n<p>6 pude\u0142ek lub 72 sztuki \/ warstwa<\/p>\n<p>9 warstw lub 54 pude\u0142ka lub 648 sztuk \/ CC<\/p>\n<p>Nie ponosimy odpowiedzialno\u015bci za ro\u015bliny zmieniaj\u0105ce kolor i rozmiar w zale\u017cno\u015bci od pory roku. Sezonowe zmiany we wzro\u015bcie ro\u015blin nie s\u0105 uwa\u017cane za wad\u0119 lub usterk\u0119. Zewn\u0119trzny stan towar\u00f3w mo\u017ce r\u00f3\u017cni\u0107 si\u0119 od przedstawionego na stronie <a href=\"https:\/\/www.lundagerplants.com\/\">www.lundagerplants.com.<\/a><\/p>\n<p>Sk\u0142ad pude\u0142ek MIX mo\u017ce si\u0119 zmienia\u0107 od czasu do czasu, poniewa\u017c staramy si\u0119 pakowa\u0107 najlepsze ro\u015bliny, jakie mamy w magazynie.<\/p>\n<\/div>\n<\/div>\n<\/div>\n<div class=\"elementor-element elementor-element-1510302 elementor-widget elementor-widget-heading\" data-id=\"1510302\" data-element_type=\"widget\" data-widget_type=\"heading.default\">\n<div class=\"elementor-widget-container\"><\/div>\n<\/div>\n","protected":false},"featured_media":48510,"template":"","meta":{"_acf_changed":false},"product_brand":[],"product_cat":[519,521,342],"product_tag":[761,762],"class_list":{"0":"post-59223","1":"product","2":"type-product","3":"status-publish","4":"has-post-thumbnail","6":"product_cat-dzien-matki","7":"product_cat-sw-walentyna","8":"product_cat-nye-planter","9":"product_tag-aktualnosci","10":"product_tag-nowa-wartosc-dodana","12":"first","13":"outofstock","14":"shipping-taxable","15":"product-type-simple"},"acf":[],"_links":{"self":[{"href":"https:\/\/lundagerplants.com\/pl\/wp-json\/wp\/v2\/product\/59223","targetHints":{"allow":["GET"]}}],"collection":[{"href":"https:\/\/lundagerplants.com\/pl\/wp-json\/wp\/v2\/product"}],"about":[{"href":"https:\/\/lundagerplants.com\/pl\/wp-json\/wp\/v2\/types\/product"}],"wp:featuredmedia":[{"embeddable":true,"href":"https:\/\/lundagerplants.com\/pl\/wp-json\/wp\/v2\/media\/48510"}],"wp:attachment":[{"href":"https:\/\/lundagerplants.com\/pl\/wp-json\/wp\/v2\/media?parent=59223"}],"wp:term":[{"taxonomy":"product_brand","embeddable":true,"href":"https:\/\/lundagerplants.com\/pl\/wp-json\/wp\/v2\/product_brand?post=59223"},{"taxonomy":"product_cat","embeddable":true,"href":"https:\/\/lundagerplants.com\/pl\/wp-json\/wp\/v2\/product_cat?post=59223"},{"taxonomy":"product_tag","embeddable":true,"href":"https:\/\/lundagerplants.com\/pl\/wp-json\/wp\/v2\/product_tag?post=59223"}],"curies":[{"name":"wp","href":"https:\/\/api.w.org\/{rel}","templated":true}]}}