{"id":58506,"date":"2020-09-16T07:00:37","date_gmt":"2025-02-14T11:31:06","guid":{"rendered":"https:\/\/lundagerplants.com\/produkter\/l-659-z-mieszanka-kaktusow\/"},"modified":"2025-02-14T13:31:06","modified_gmt":"2025-02-14T11:31:06","slug":"l-659-z-mieszanka-kaktusow","status":"publish","type":"product","link":"https:\/\/lundagerplants.com\/pl\/produkty\/l-659-z-mieszanka-kaktusow\/","title":{"rendered":"L 659 z mieszank\u0105 kaktus\u00f3w"},"content":{"rendered":"<p>Zaprojektowany przez LUNDAGER &#8211; LUNDAGERPLANTS<\/p>\n<p>&nbsp;<\/p>\n","protected":false},"excerpt":{"rendered":"<p>12 sztuk w opakowaniu<\/p>\n<p>6 pude\u0142ek lub 72 sztuki \/ warstwa<\/p>\n<p>10 warstw lub 60 pude\u0142ek lub 720 sztuk \/ CC<\/p>\n<p>Nie ponosimy odpowiedzialno\u015bci za ro\u015bliny zmieniaj\u0105ce kolor i rozmiar w zale\u017cno\u015bci od pory roku. Sezonowe zmiany we wzro\u015bcie ro\u015blin nie s\u0105 uwa\u017cane za wad\u0119 lub usterk\u0119. Zewn\u0119trzny stan towar\u00f3w mo\u017ce r\u00f3\u017cni\u0107 si\u0119 od przedstawionego na stronie <a href=\"http:\/\/www.lundagerplants.com\/\">www.lundagerplants.com.<\/a><\/p>\n<p>Sk\u0142ad pude\u0142ek MIX mo\u017ce si\u0119 zmienia\u0107 od czasu do czasu, poniewa\u017c staramy si\u0119 pakowa\u0107 najlepsze ro\u015bliny, jakie mamy w magazynie.<\/p>\n","protected":false},"featured_media":58490,"template":"","meta":{"_acf_changed":false},"product_brand":[],"product_cat":[587,588,515],"product_tag":[],"class_list":{"0":"post-58506","1":"product","2":"type-product","3":"status-publish","4":"has-post-thumbnail","6":"product_cat-design-by-lundager-tm","7":"product_cat-design-by-lundager-beton","8":"product_cat-wszystkie-kategorie","10":"first","11":"instock","12":"shipping-taxable","13":"product-type-simple"},"acf":[],"_links":{"self":[{"href":"https:\/\/lundagerplants.com\/pl\/wp-json\/wp\/v2\/product\/58506","targetHints":{"allow":["GET"]}}],"collection":[{"href":"https:\/\/lundagerplants.com\/pl\/wp-json\/wp\/v2\/product"}],"about":[{"href":"https:\/\/lundagerplants.com\/pl\/wp-json\/wp\/v2\/types\/product"}],"wp:featuredmedia":[{"embeddable":true,"href":"https:\/\/lundagerplants.com\/pl\/wp-json\/wp\/v2\/media\/58490"}],"wp:attachment":[{"href":"https:\/\/lundagerplants.com\/pl\/wp-json\/wp\/v2\/media?parent=58506"}],"wp:term":[{"taxonomy":"product_brand","embeddable":true,"href":"https:\/\/lundagerplants.com\/pl\/wp-json\/wp\/v2\/product_brand?post=58506"},{"taxonomy":"product_cat","embeddable":true,"href":"https:\/\/lundagerplants.com\/pl\/wp-json\/wp\/v2\/product_cat?post=58506"},{"taxonomy":"product_tag","embeddable":true,"href":"https:\/\/lundagerplants.com\/pl\/wp-json\/wp\/v2\/product_tag?post=58506"}],"curies":[{"name":"wp","href":"https:\/\/api.w.org\/{rel}","templated":true}]}}