{"id":57614,"date":"2025-02-13T10:18:02","date_gmt":"2025-02-13T08:20:55","guid":{"rendered":"https:\/\/lundagerplants.com\/produkter\/l-65591-z-hoya-kerrii-6-cm\/"},"modified":"2025-02-13T10:20:55","modified_gmt":"2025-02-13T08:20:55","slug":"l-65591-z-hoya-kerrii-6-cm","status":"publish","type":"product","link":"https:\/\/lundagerplants.com\/pl\/produkty\/l-65591-z-hoya-kerrii-6-cm\/","title":{"rendered":"L 65591 z Hoya Kerrii 6 cm"},"content":{"rendered":"","protected":false},"excerpt":{"rendered":"<p class=\"p1\"><span class=\"s1\">12 sztuk w opakowaniu<\/span><\/p>\n<p class=\"p1\"><span class=\"s1\">6 pude\u0142ek lub 72 sztuki \/ warstwa<\/span><\/p>\n<p class=\"p1\"><span class=\"s1\">Nie ponosimy odpowiedzialno\u015bci za ro\u015bliny zmieniaj\u0105ce kolor i rozmiar w zale\u017cno\u015bci od pory roku. Sezonowe zmiany we wzro\u015bcie ro\u015blin nie s\u0105 uwa\u017cane za wad\u0119 lub usterk\u0119. Zewn\u0119trzny stan towar\u00f3w mo\u017ce r\u00f3\u017cni\u0107 si\u0119 od przedstawionego na stronie <a href=\"https:\/\/www.lundagerplants.com\/\"><span class=\"s2\">www.lundagerplants.com<\/span><\/a>.  <\/span><\/p>\n<p class=\"p1\"><span class=\"s1\">Sk\u0142ad pude\u0142ek MIX mo\u017ce si\u0119 zmienia\u0107 od czasu do czasu, poniewa\u017c staramy si\u0119 pakowa\u0107 najlepsze ro\u015bliny, jakie mamy w magazynie.<\/span><\/p>\n","protected":false},"featured_media":57610,"template":"","meta":{"_acf_changed":false},"product_brand":[],"product_cat":[597,519,598,521,516,515],"product_tag":[],"class_list":{"0":"post-57614","1":"product","2":"type-product","3":"status-publish","4":"has-post-thumbnail","6":"product_cat-aktualnosci","7":"product_cat-dzien-matki","8":"product_cat-nowa-wartosc-dodana","9":"product_cat-sw-walentyna","10":"product_cat-wartosc-dodana-koncepcje","11":"product_cat-wszystkie-kategorie","13":"first","14":"instock","15":"shipping-taxable","16":"product-type-simple"},"acf":[],"_links":{"self":[{"href":"https:\/\/lundagerplants.com\/pl\/wp-json\/wp\/v2\/product\/57614","targetHints":{"allow":["GET"]}}],"collection":[{"href":"https:\/\/lundagerplants.com\/pl\/wp-json\/wp\/v2\/product"}],"about":[{"href":"https:\/\/lundagerplants.com\/pl\/wp-json\/wp\/v2\/types\/product"}],"wp:featuredmedia":[{"embeddable":true,"href":"https:\/\/lundagerplants.com\/pl\/wp-json\/wp\/v2\/media\/57610"}],"wp:attachment":[{"href":"https:\/\/lundagerplants.com\/pl\/wp-json\/wp\/v2\/media?parent=57614"}],"wp:term":[{"taxonomy":"product_brand","embeddable":true,"href":"https:\/\/lundagerplants.com\/pl\/wp-json\/wp\/v2\/product_brand?post=57614"},{"taxonomy":"product_cat","embeddable":true,"href":"https:\/\/lundagerplants.com\/pl\/wp-json\/wp\/v2\/product_cat?post=57614"},{"taxonomy":"product_tag","embeddable":true,"href":"https:\/\/lundagerplants.com\/pl\/wp-json\/wp\/v2\/product_tag?post=57614"}],"curies":[{"name":"wp","href":"https:\/\/api.w.org\/{rel}","templated":true}]}}