{"id":57451,"date":"2025-02-12T16:16:11","date_gmt":"2025-02-12T14:17:57","guid":{"rendered":"https:\/\/lundagerplants.com\/produkter\/l-927-bez-roslin-6-cm\/"},"modified":"2025-04-03T10:27:31","modified_gmt":"2025-04-03T08:27:31","slug":"l-927-bez-roslin-6-cm","status":"publish","type":"product","link":"https:\/\/lundagerplants.com\/pl\/produkty\/l-927-bez-roslin-6-cm\/","title":{"rendered":"L 927 bez ro\u015blin 6 cm"},"content":{"rendered":"","protected":false},"excerpt":{"rendered":"<p>12 sztuk w opakowaniu<\/p>\n<p>6 pude\u0142ek lub 72 sztuki \/ warstwa<\/p>\n<p><span data-teams=\"true\">Nasze unikalnie zaprojektowane donice ceramiczne s\u0105 sprzedawane bez ro\u015blin i mo\u017cna je naby\u0107 oddzielnie. Je\u015bli chcesz znale\u017a\u0107 idealn\u0105 ro\u015blin\u0119 do swojej doniczki, zapoznaj si\u0119 z nasz\u0105 kolekcj\u0105 ro\u015blin lub skontaktuj si\u0119 z naszym zespo\u0142em sprzeda\u017cy w celu uzyskania spersonalizowanych wskaz\u00f3wek. <\/span><\/p>\n","protected":false},"featured_media":57447,"template":"","meta":{"_acf_changed":false},"product_brand":[],"product_cat":[519,521,292,342],"product_tag":[761,762],"class_list":{"0":"post-57451","1":"product","2":"type-product","3":"status-publish","4":"has-post-thumbnail","6":"product_cat-dzien-matki","7":"product_cat-sw-walentyna","8":"product_cat-alle-kategorier","9":"product_cat-nye-planter","10":"product_tag-aktualnosci","11":"product_tag-nowa-wartosc-dodana","13":"first","14":"instock","15":"shipping-taxable","16":"product-type-simple"},"acf":[],"_links":{"self":[{"href":"https:\/\/lundagerplants.com\/pl\/wp-json\/wp\/v2\/product\/57451","targetHints":{"allow":["GET"]}}],"collection":[{"href":"https:\/\/lundagerplants.com\/pl\/wp-json\/wp\/v2\/product"}],"about":[{"href":"https:\/\/lundagerplants.com\/pl\/wp-json\/wp\/v2\/types\/product"}],"wp:featuredmedia":[{"embeddable":true,"href":"https:\/\/lundagerplants.com\/pl\/wp-json\/wp\/v2\/media\/57447"}],"wp:attachment":[{"href":"https:\/\/lundagerplants.com\/pl\/wp-json\/wp\/v2\/media?parent=57451"}],"wp:term":[{"taxonomy":"product_brand","embeddable":true,"href":"https:\/\/lundagerplants.com\/pl\/wp-json\/wp\/v2\/product_brand?post=57451"},{"taxonomy":"product_cat","embeddable":true,"href":"https:\/\/lundagerplants.com\/pl\/wp-json\/wp\/v2\/product_cat?post=57451"},{"taxonomy":"product_tag","embeddable":true,"href":"https:\/\/lundagerplants.com\/pl\/wp-json\/wp\/v2\/product_tag?post=57451"}],"curies":[{"name":"wp","href":"https:\/\/api.w.org\/{rel}","templated":true}]}}