{"id":55512,"date":"2024-12-05T14:02:54","date_gmt":"2024-12-05T12:02:54","guid":{"rendered":"https:\/\/lundagerplants.com\/?post_type=product&#038;p=55512"},"modified":"2025-02-04T09:44:26","modified_gmt":"2025-02-04T07:44:26","slug":"euphorbia-milii-mix","status":"publish","type":"product","link":"https:\/\/lundagerplants.com\/pl\/produkty\/euphorbia-milii-mix\/","title":{"rendered":"Euphorbia Milii MIX"},"content":{"rendered":"","protected":false},"excerpt":{"rendered":"<p>12\u00a0stk i kassen<\/p>\n<p>10 kasser eller\u00a0120 stk \/ lag<\/p>\n<p>11\u00a0lag eller\u00a0110 kasser eller 1320 stk \/ CC<\/p>\n<p>Vi b\u00e6rer intet ansvar for, at planter \u00e6ndrer farver og st\u00f8rrelse afh\u00e6ngig af s\u00e6sonen. Planternes s\u00e6sonbetingede v\u00e6kstforandringer betragtes ikke som fejl eller mangel. Varernes ydre tilstand kan variere fra billedet p\u00e5\u00a0<a href=\"https:\/\/www.lundagerplants.com\/\">www.lundagerplants.com<\/a>.<\/p>\n","protected":false},"featured_media":57136,"template":"","meta":{"_acf_changed":false},"product_brand":[],"product_cat":[292,301],"product_tag":[],"class_list":{"0":"post-55512","1":"product","2":"type-product","3":"status-publish","4":"has-post-thumbnail","6":"product_cat-alle-kategorier","7":"product_cat-mix-kasser-6-cm","9":"first","10":"instock","11":"shipping-taxable","12":"product-type-simple"},"acf":[],"_links":{"self":[{"href":"https:\/\/lundagerplants.com\/pl\/wp-json\/wp\/v2\/product\/55512","targetHints":{"allow":["GET"]}}],"collection":[{"href":"https:\/\/lundagerplants.com\/pl\/wp-json\/wp\/v2\/product"}],"about":[{"href":"https:\/\/lundagerplants.com\/pl\/wp-json\/wp\/v2\/types\/product"}],"wp:featuredmedia":[{"embeddable":true,"href":"https:\/\/lundagerplants.com\/pl\/wp-json\/wp\/v2\/media\/57136"}],"wp:attachment":[{"href":"https:\/\/lundagerplants.com\/pl\/wp-json\/wp\/v2\/media?parent=55512"}],"wp:term":[{"taxonomy":"product_brand","embeddable":true,"href":"https:\/\/lundagerplants.com\/pl\/wp-json\/wp\/v2\/product_brand?post=55512"},{"taxonomy":"product_cat","embeddable":true,"href":"https:\/\/lundagerplants.com\/pl\/wp-json\/wp\/v2\/product_cat?post=55512"},{"taxonomy":"product_tag","embeddable":true,"href":"https:\/\/lundagerplants.com\/pl\/wp-json\/wp\/v2\/product_tag?post=55512"}],"curies":[{"name":"wp","href":"https:\/\/api.w.org\/{rel}","templated":true}]}}