{"id":21764,"date":"2021-12-08T11:57:20","date_gmt":"2021-12-08T09:57:20","guid":{"rendered":"https:\/\/lundagerplants.com\/?post_type=product&#038;p=21764"},"modified":"2022-12-01T10:15:09","modified_gmt":"2022-12-01T08:15:09","slug":"philodendron-pink-princess","status":"publish","type":"product","link":"https:\/\/lundagerplants.com\/pl\/produkty\/philodendron-pink-princess\/","title":{"rendered":"Philodendron Pink Princess"},"content":{"rendered":"","protected":false},"excerpt":{"rendered":"<div class=\"elementor-element elementor-element-9b965c8 elementor-widget elementor-widget-woocommerce-product-title elementor-page-title elementor-widget-heading\" data-id=\"9b965c8\" data-element_type=\"widget\" data-widget_type=\"woocommerce-product-title.default\">\n<div class=\"elementor-widget-container\">\n<h1 class=\"product_title entry-title elementor-heading-title elementor-size-default\">12 stk i kassen<\/h1>\n<\/div>\n<\/div>\n<div class=\"elementor-element elementor-element-6ea59f0 elementor-widget elementor-widget-woocommerce-product-short-description\" data-id=\"6ea59f0\" data-element_type=\"widget\" data-widget_type=\"woocommerce-product-short-description.default\">\n<div class=\"elementor-widget-container\">\n<div class=\"woocommerce-product-details__short-description\">\n<p>10 kasser eller\u00a0120 stk \/ lag<\/p>\n<p>11\u00a0lag eller\u00a0110 kasser eller 1320 stk \/ CC<\/p>\n<p>Vi b\u00e6rer intet ansvar for, at planter \u00e6ndrer farver og st\u00f8rrelse afh\u00e6ngig af s\u00e6sonen. Planternes s\u00e6sonbetingede v\u00e6kstforandringer betragtes ikke som fejl eller mangel. Varernes ydre tilstand kan variere fra billedet p\u00e5\u00a0<a href=\"https:\/\/www.lundagerplants.com\/\">www.lundagerplants.com<\/a>.<\/p>\n<\/div>\n<\/div>\n<\/div>\n","protected":false},"featured_media":21765,"template":"","meta":{"_acf_changed":false},"product_brand":[],"product_cat":[292,415,303,342,293],"product_tag":[],"class_list":{"0":"post-21764","1":"product","2":"type-product","3":"status-publish","4":"has-post-thumbnail","6":"product_cat-alle-kategorier","7":"product_cat-groenne-planter","8":"product_cat-nyheder","9":"product_cat-nye-planter","10":"product_cat-gronne-planter-6-cm","12":"first","13":"instock","14":"shipping-taxable","15":"product-type-simple"},"acf":[],"_links":{"self":[{"href":"https:\/\/lundagerplants.com\/pl\/wp-json\/wp\/v2\/product\/21764","targetHints":{"allow":["GET"]}}],"collection":[{"href":"https:\/\/lundagerplants.com\/pl\/wp-json\/wp\/v2\/product"}],"about":[{"href":"https:\/\/lundagerplants.com\/pl\/wp-json\/wp\/v2\/types\/product"}],"wp:featuredmedia":[{"embeddable":true,"href":"https:\/\/lundagerplants.com\/pl\/wp-json\/wp\/v2\/media\/21765"}],"wp:attachment":[{"href":"https:\/\/lundagerplants.com\/pl\/wp-json\/wp\/v2\/media?parent=21764"}],"wp:term":[{"taxonomy":"product_brand","embeddable":true,"href":"https:\/\/lundagerplants.com\/pl\/wp-json\/wp\/v2\/product_brand?post=21764"},{"taxonomy":"product_cat","embeddable":true,"href":"https:\/\/lundagerplants.com\/pl\/wp-json\/wp\/v2\/product_cat?post=21764"},{"taxonomy":"product_tag","embeddable":true,"href":"https:\/\/lundagerplants.com\/pl\/wp-json\/wp\/v2\/product_tag?post=21764"}],"curies":[{"name":"wp","href":"https:\/\/api.w.org\/{rel}","templated":true}]}}