{"id":16527,"date":"2020-08-17T13:14:40","date_gmt":"2020-08-17T11:14:40","guid":{"rendered":"https:\/\/lundagerplants.com\/?product=681209-pilosocereus-azureus"},"modified":"2022-12-01T10:57:51","modified_gmt":"2022-12-01T08:57:51","slug":"pilosocereus-azureus-2","status":"publish","type":"product","link":"https:\/\/lundagerplants.com\/pl\/produkty\/pilosocereus-azureus-2\/","title":{"rendered":"Pilosocereus Azureus"},"content":{"rendered":"","protected":false},"excerpt":{"rendered":"<p>12 stk. i kassen<\/p>\n<p>6kasser eller 72 stk \/ lag<\/p>\n<p>10 lag eller 60 kasser eller 720 stk \/ CC<\/p>\n<p>Vi b\u00e6rer intet ansvar for, at planter \u00e6ndrer farver og st\u00f8rrelse afh\u00e6ngig af s\u00e6sonen. Planternes s\u00e6sonbetingede v\u00e6kstforandringer betragtes ikke som fejl eller mangel. Varernes ydre tilstand kan variere fra billedet p\u00e5\u00a0<a href=\"http:\/\/www.lundagerplants.com\/\">www.lundagerplants.com<\/a>.<\/p>\n","protected":false},"featured_media":16528,"template":"","meta":{"_acf_changed":false},"product_brand":[],"product_cat":[417,292,350],"product_tag":[],"class_list":{"0":"post-16527","1":"product","2":"type-product","3":"status-publish","4":"has-post-thumbnail","6":"product_cat-cactus","7":"product_cat-alle-kategorier","8":"product_cat-cactus-9-cm","10":"first","11":"outofstock","12":"shipping-taxable","13":"product-type-simple"},"acf":[],"_links":{"self":[{"href":"https:\/\/lundagerplants.com\/pl\/wp-json\/wp\/v2\/product\/16527","targetHints":{"allow":["GET"]}}],"collection":[{"href":"https:\/\/lundagerplants.com\/pl\/wp-json\/wp\/v2\/product"}],"about":[{"href":"https:\/\/lundagerplants.com\/pl\/wp-json\/wp\/v2\/types\/product"}],"wp:featuredmedia":[{"embeddable":true,"href":"https:\/\/lundagerplants.com\/pl\/wp-json\/wp\/v2\/media\/16528"}],"wp:attachment":[{"href":"https:\/\/lundagerplants.com\/pl\/wp-json\/wp\/v2\/media?parent=16527"}],"wp:term":[{"taxonomy":"product_brand","embeddable":true,"href":"https:\/\/lundagerplants.com\/pl\/wp-json\/wp\/v2\/product_brand?post=16527"},{"taxonomy":"product_cat","embeddable":true,"href":"https:\/\/lundagerplants.com\/pl\/wp-json\/wp\/v2\/product_cat?post=16527"},{"taxonomy":"product_tag","embeddable":true,"href":"https:\/\/lundagerplants.com\/pl\/wp-json\/wp\/v2\/product_tag?post=16527"}],"curies":[{"name":"wp","href":"https:\/\/api.w.org\/{rel}","templated":true}]}}