{"id":20787,"date":"2024-11-26T16:01:38","date_gmt":"2024-11-26T14:01:38","guid":{"rendered":"https:\/\/lundagerplants.com\/pracownicy\/"},"modified":"2025-04-16T10:56:13","modified_gmt":"2025-04-16T08:56:13","slug":"pracownicy","status":"publish","type":"page","link":"https:\/\/lundagerplants.com\/pl\/informacja\/pracownicy\/","title":{"rendered":"Pracownicy"},"content":{"rendered":"\t\t<div data-elementor-type=\"wp-page\" data-elementor-id=\"20787\" class=\"elementor elementor-20787\" data-elementor-post-type=\"page\">\n\t\t\t\t\t\t<section class=\"elementor-section elementor-top-section elementor-element elementor-element-234c139e elementor-reverse-mobile elementor-section-boxed elementor-section-height-default elementor-section-height-default\" data-id=\"234c139e\" data-element_type=\"section\" data-settings=\"{&quot;jet_parallax_layout_list&quot;:[]}\">\n\t\t\t\t\t\t<div class=\"elementor-container elementor-column-gap-default\">\n\t\t\t\t\t<div class=\"elementor-column elementor-col-50 elementor-top-column elementor-element elementor-element-53b715f\" data-id=\"53b715f\" data-element_type=\"column\">\n\t\t\t<div class=\"elementor-widget-wrap elementor-element-populated\">\n\t\t\t\t\t\t<div class=\"elementor-element elementor-element-3ce2256 elementor-widget elementor-widget-heading\" data-id=\"3ce2256\" data-element_type=\"widget\" data-widget_type=\"heading.default\">\n\t\t\t\t<div class=\"elementor-widget-container\">\n\t\t\t\t\t<h2 class=\"elementor-heading-title elementor-size-default\">Kategorie<\/h2>\t\t\t\t<\/div>\n\t\t\t\t<\/div>\n\t\t\t\t<div class=\"elementor-element elementor-element-084faec elementor-align-start elementor-icon-list--layout-traditional elementor-list-item-link-full_width elementor-widget elementor-widget-global elementor-global-20898 elementor-global-556 elementor-widget-icon-list\" data-id=\"084faec\" data-element_type=\"widget\" data-widget_type=\"icon-list.default\">\n\t\t\t\t<div class=\"elementor-widget-container\">\n\t\t\t\t\t\t\t<ul class=\"elementor-icon-list-items\">\n\t\t\t\t\t\t\t<li class=\"elementor-icon-list-item\">\n\t\t\t\t\t\t\t\t\t\t\t<a href=\"https:\/\/lundagerplants.com\/information\/om-lundager\/\">\n\n\t\t\t\t\t\t\t\t\t\t\t<span class=\"elementor-icon-list-text\">O LUNDAGER<\/span>\n\t\t\t\t\t\t\t\t\t\t\t<\/a>\n\t\t\t\t\t\t\t\t\t<\/li>\n\t\t\t\t\t\t\t\t<li class=\"elementor-icon-list-item\">\n\t\t\t\t\t\t\t\t\t\t\t<a href=\"https:\/\/lundagerplants.com\/pl\/informacja\/tingdal-przez-lundagera\/\">\n\n\t\t\t\t\t\t\t\t\t\t\t<span class=\"elementor-icon-list-text\">Tingdal przez Lundagera<\/span>\n\t\t\t\t\t\t\t\t\t\t\t<\/a>\n\t\t\t\t\t\t\t\t\t<\/li>\n\t\t\t\t\t\t\t\t<li class=\"elementor-icon-list-item\">\n\t\t\t\t\t\t\t\t\t\t\t<a href=\"https:\/\/lundagerplants.com\/?page_id=24\">\n\n\t\t\t\t\t\t\t\t\t\t\t<span class=\"elementor-icon-list-text\">Pracownicy<\/span>\n\t\t\t\t\t\t\t\t\t\t\t<\/a>\n\t\t\t\t\t\t\t\t\t<\/li>\n\t\t\t\t\t\t\t\t<li class=\"elementor-icon-list-item\">\n\t\t\t\t\t\t\t\t\t\t\t<a href=\"https:\/\/lundagerplants.com\/information\/certifikater\/\">\n\n\t\t\t\t\t\t\t\t\t\t\t<span class=\"elementor-icon-list-text\">Certyfikaty<\/span>\n\t\t\t\t\t\t\t\t\t\t\t<\/a>\n\t\t\t\t\t\t\t\t\t<\/li>\n\t\t\t\t\t\t\t\t<li class=\"elementor-icon-list-item\">\n\t\t\t\t\t\t\t\t\t\t\t<a href=\"https:\/\/lundagerplants.com\/information\/katalog\/\">\n\n\t\t\t\t\t\t\t\t\t\t\t<span class=\"elementor-icon-list-text\">Katalog<\/span>\n\t\t\t\t\t\t\t\t\t\t\t<\/a>\n\t\t\t\t\t\t\t\t\t<\/li>\n\t\t\t\t\t\t\t\t<li class=\"elementor-icon-list-item\">\n\t\t\t\t\t\t\t\t\t\t\t<a href=\"https:\/\/lundagerplants.com\/information\/messer\/\">\n\n\t\t\t\t\t\t\t\t\t\t\t<span class=\"elementor-icon-list-text\">No\u017ce<\/span>\n\t\t\t\t\t\t\t\t\t\t\t<\/a>\n\t\t\t\t\t\t\t\t\t<\/li>\n\t\t\t\t\t\t\t\t<li class=\"elementor-icon-list-item\">\n\t\t\t\t\t\t\t\t\t\t\t<a href=\"https:\/\/lundagerplants.com\/pl\/pl-2\/?page_id=23540\">\n\n\t\t\t\t\t\t\t\t\t\t\t<span class=\"elementor-icon-list-text\">LDP 2020<\/span>\n\t\t\t\t\t\t\t\t\t\t\t<\/a>\n\t\t\t\t\t\t\t\t\t<\/li>\n\t\t\t\t\t\t\t\t<li class=\"elementor-icon-list-item\">\n\t\t\t\t\t\t\t\t\t\t\t<a href=\"https:\/\/lundagerplants.com\/pl\/optymalizacja-zuzycia-energii\/\">\n\n\t\t\t\t\t\t\t\t\t\t\t<span class=\"elementor-icon-list-text\">Energioptimering<\/span>\n\t\t\t\t\t\t\t\t\t\t\t<\/a>\n\t\t\t\t\t\t\t\t\t<\/li>\n\t\t\t\t\t\t<\/ul>\n\t\t\t\t\t\t<\/div>\n\t\t\t\t<\/div>\n\t\t\t\t\t<\/div>\n\t\t<\/div>\n\t\t\t\t<div class=\"elementor-column elementor-col-50 elementor-top-column elementor-element elementor-element-7e733ff5\" data-id=\"7e733ff5\" data-element_type=\"column\">\n\t\t\t<div class=\"elementor-widget-wrap elementor-element-populated\">\n\t\t\t\t\t\t<div class=\"elementor-element elementor-element-21d2427 elementor-tabs-view-horizontal elementor-widget elementor-widget-tabs\" data-id=\"21d2427\" data-element_type=\"widget\" data-widget_type=\"tabs.default\">\n\t\t\t\t<div class=\"elementor-widget-container\">\n\t\t\t\t\t\t\t<div class=\"elementor-tabs\">\n\t\t\t<div class=\"elementor-tabs-wrapper\" role=\"tablist\" >\n\t\t\t\t\t\t\t\t\t<div id=\"elementor-tab-title-3541\" class=\"elementor-tab-title elementor-tab-desktop-title\" aria-selected=\"true\" data-tab=\"1\" role=\"tab\" tabindex=\"0\" aria-controls=\"elementor-tab-content-3541\" aria-expanded=\"false\">Sprzeda\u017c<\/div>\n\t\t\t\t\t\t\t\t\t<div id=\"elementor-tab-title-3542\" class=\"elementor-tab-title elementor-tab-desktop-title\" aria-selected=\"false\" data-tab=\"2\" role=\"tab\" tabindex=\"-1\" aria-controls=\"elementor-tab-content-3542\" aria-expanded=\"false\">Administracja<\/div>\n\t\t\t\t\t\t\t\t\t<div id=\"elementor-tab-title-3543\" class=\"elementor-tab-title elementor-tab-desktop-title\" aria-selected=\"false\" data-tab=\"3\" role=\"tab\" tabindex=\"-1\" aria-controls=\"elementor-tab-content-3543\" aria-expanded=\"false\">Hala pakowania<\/div>\n\t\t\t\t\t\t\t<\/div>\n\t\t\t<div class=\"elementor-tabs-content-wrapper\" role=\"tablist\" aria-orientation=\"vertical\">\n\t\t\t\t\t\t\t\t\t<div class=\"elementor-tab-title elementor-tab-mobile-title\" aria-selected=\"true\" data-tab=\"1\" role=\"tab\" tabindex=\"0\" aria-controls=\"elementor-tab-content-3541\" aria-expanded=\"false\">Sprzeda\u017c<\/div>\n\t\t\t\t\t<div id=\"elementor-tab-content-3541\" class=\"elementor-tab-content elementor-clearfix\" data-tab=\"1\" role=\"tabpanel\" aria-labelledby=\"elementor-tab-title-3541\" tabindex=\"0\" hidden=\"false\"><h4>OGRODNIKA LUNDAGER A\/S<\/h4>\n<p>Rasmus Dupont Larsen, dyrektor sprzeda\u017cy<br \/><img decoding=\"async\" src=\"https:\/\/e6aw7htmhtb.exactdn.com\/wp-content\/plugins\/sitepress-multilingual-cms\/res\/flags\/da.png?strip=all&amp;lossy=1&amp;ssl=1\"> <img decoding=\"async\" src=\"https:\/\/e6aw7htmhtb.exactdn.com\/wp-content\/plugins\/sitepress-multilingual-cms\/res\/flags\/en.png?strip=all&amp;lossy=1&amp;ssl=1\">&nbsp;m. + 45 2687 0350 e.  <a href=\"mailto:rasmus@75012.dk\">rasmus@75012.dk<\/a>&nbsp;<\/p>\n<p>Viktorija Spakova, Regionalny kierownik ds. sprzeda\u017cy Holandia i Europa Wschodnia<\/p>\n<p><img decoding=\"async\" src=\"https:\/\/e6aw7htmhtb.exactdn.com\/wp-content\/plugins\/sitepress-multilingual-cms\/res\/flags\/da.png?strip=all&amp;lossy=1&amp;ssl=1\"> <img decoding=\"async\" src=\"https:\/\/e6aw7htmhtb.exactdn.com\/wp-content\/plugins\/sitepress-multilingual-cms\/res\/flags\/en.png?strip=all&amp;lossy=1&amp;ssl=1\"> <img decoding=\"async\" src=\"https:\/\/e6aw7htmhtb.exactdn.com\/wp-content\/uploads\/2023\/03\/ru.png?strip=all&resize=18%2C14\" alt=\"\" width=\"18\" height=\"14\"> m. + 45 2260 3402&nbsp;e. <a href=\"mailto:sale@75012.dk\">sale@75012.dk<\/a> &nbsp;<\/p>\n<p>Marcin G\u0142uszkowski, Senior Sales Manager Denmark &amp; Export<\/p>\n<p><img decoding=\"async\" src=\"https:\/\/e6aw7htmhtb.exactdn.com\/wp-content\/plugins\/sitepress-multilingual-cms\/res\/flags\/da.png?strip=all&amp;lossy=1&amp;ssl=1\"> <img decoding=\"async\" src=\"https:\/\/e6aw7htmhtb.exactdn.com\/wp-content\/plugins\/sitepress-multilingual-cms\/res\/flags\/en.png?strip=all&amp;lossy=1&amp;ssl=1\">&nbsp;<img decoding=\"async\" src=\"https:\/\/e6aw7htmhtb.exactdn.com\/wp-content\/plugins\/sitepress-multilingual-cms\/res\/flags\/pl.png?strip=all&amp;lossy=1&amp;ssl=1\"> m. + 45 5160 4250 e.  <a href=\"mailto:sale@75012.dk\">sale@75012.dk<\/a>&nbsp;<\/p>\n<p>Martin&nbsp;Dupont&nbsp;Andersen, Key Account Manager Dania<\/p>\n<p><img decoding=\"async\" src=\"https:\/\/e6aw7htmhtb.exactdn.com\/wp-content\/plugins\/sitepress-multilingual-cms\/res\/flags\/da.png?strip=all&amp;lossy=1&amp;ssl=1\"> <img decoding=\"async\" src=\"https:\/\/e6aw7htmhtb.exactdn.com\/wp-content\/plugins\/sitepress-multilingual-cms\/res\/flags\/en.png?strip=all&amp;lossy=1&amp;ssl=1\"> <img decoding=\"async\" src=\"https:\/\/e6aw7htmhtb.exactdn.com\/wp-content\/plugins\/sitepress-multilingual-cms\/res\/flags\/de.png?strip=all&amp;lossy=1&amp;ssl=1\">&nbsp;m. + 45 3035 8581  <a href=\"mailto:Martin@75012.dk\">martin@75012.dk<\/a>&nbsp;<\/p>\n<p>Christian Nis Clausen, Account Manager<\/p>\n<p><img decoding=\"async\" src=\"https:\/\/e6aw7htmhtb.exactdn.com\/wp-content\/plugins\/sitepress-multilingual-cms\/res\/flags\/da.png?strip=all&amp;lossy=1&amp;ssl=1\"> <img decoding=\"async\" src=\"https:\/\/e6aw7htmhtb.exactdn.com\/wp-content\/plugins\/sitepress-multilingual-cms\/res\/flags\/en.png?strip=all&amp;lossy=1&amp;ssl=1\">&nbsp;m. + 45 3090 7204 e.  <a href=\"mailto:sale@75012.dk\">sale@75012.dk<\/a>&nbsp;<\/p>\n<p>Sandra Holm, asystentka biura<\/p>\n<p><img decoding=\"async\" src=\"https:\/\/e6aw7htmhtb.exactdn.com\/wp-content\/plugins\/sitepress-multilingual-cms\/res\/flags\/da.png?strip=all&amp;lossy=1&amp;ssl=1\"> <img decoding=\"async\" src=\"https:\/\/e6aw7htmhtb.exactdn.com\/wp-content\/plugins\/sitepress-multilingual-cms\/res\/flags\/en.png?strip=all&amp;lossy=1&amp;ssl=1\"> <img decoding=\"async\" src=\"https:\/\/e6aw7htmhtb.exactdn.com\/wp-content\/plugins\/sitepress-multilingual-cms\/res\/flags\/de.png?strip=all&amp;lossy=1&amp;ssl=1\">&nbsp;m. +45 3090 7200  <a href=\"mailto:sale@75012.dk\">sale@75012.dk<\/a><\/p>\n<p>Per Christensen, kierownik ds. sprzeda\u017cy<\/p>\n<p><img decoding=\"async\" src=\"https:\/\/e6aw7htmhtb.exactdn.com\/wp-content\/plugins\/sitepress-multilingual-cms\/res\/flags\/da.png?strip=all&amp;lossy=1&amp;ssl=1\">&nbsp;<img decoding=\"async\" src=\"https:\/\/e6aw7htmhtb.exactdn.com\/wp-content\/plugins\/sitepress-multilingual-cms\/res\/flags\/en.png?strip=all&amp;lossy=1&amp;ssl=1\">&nbsp;<img decoding=\"async\" src=\"https:\/\/e6aw7htmhtb.exactdn.com\/wp-content\/plugins\/sitepress-multilingual-cms\/res\/flags\/de.png?strip=all&amp;lossy=1&amp;ssl=1\">&nbsp;m. + 45 2015 1940 e. &nbsp;<a href=\"mailto:per@75012.dk\">per@75012.dk&nbsp;<\/a><\/p>\n<p>Charlotte Falk, asystentka ds. sprzeda\u017cy<\/p>\n<p><img decoding=\"async\" src=\"https:\/\/e6aw7htmhtb.exactdn.com\/wp-content\/plugins\/sitepress-multilingual-cms\/res\/flags\/da.png?strip=all&amp;lossy=1&amp;ssl=1\">&nbsp;<img decoding=\"async\" src=\"https:\/\/e6aw7htmhtb.exactdn.com\/wp-content\/plugins\/sitepress-multilingual-cms\/res\/flags\/en.png?strip=all&amp;lossy=1&amp;ssl=1\">&nbsp;m. + 45 2878 2583 e. &nbsp;<a href=\"mailto:charlotte@75012.dk\">charlotte@75012.dk<\/a>&nbsp;<\/p>\n<h4>Lundager B.V.<\/h4>\n<p>Michel Teekens, Kierownik ds. sprzeda\u017cy Holandia<\/p>\n<p><img decoding=\"async\" src=\"https:\/\/e6aw7htmhtb.exactdn.com\/wp-content\/uploads\/2024\/01\/nl.webp?strip=all&resize=18%2C12\" alt=\"\" width=\"18\" height=\"12\">&nbsp;<img decoding=\"async\" src=\"https:\/\/e6aw7htmhtb.exactdn.com\/wp-content\/plugins\/sitepress-multilingual-cms\/res\/flags\/en.png?strip=all&amp;lossy=1&amp;ssl=1\">  m. +&nbsp;31&nbsp;(6) 2805&nbsp;7507&nbsp; e.&nbsp;<a href=\"mailto:Michel@75012.dk\">michel@lundager.nl<\/a>&nbsp;<\/p>\n<\/div>\n\t\t\t\t\t\t\t\t\t<div class=\"elementor-tab-title elementor-tab-mobile-title\" aria-selected=\"false\" data-tab=\"2\" role=\"tab\" tabindex=\"-1\" aria-controls=\"elementor-tab-content-3542\" aria-expanded=\"false\">Administracja<\/div>\n\t\t\t\t\t<div id=\"elementor-tab-content-3542\" class=\"elementor-tab-content elementor-clearfix\" data-tab=\"2\" role=\"tabpanel\" aria-labelledby=\"elementor-tab-title-3542\" tabindex=\"0\" hidden=\"hidden\"><h4>Dyrekcja<\/h4>\n<p>Ove Lundager, W\u0142a\u015bciciel i dyrektor generalny<\/p>\n<p><img decoding=\"async\" src=\"https:\/\/e6aw7htmhtb.exactdn.com\/wp-content\/plugins\/sitepress-multilingual-cms\/res\/flags\/da.png?strip=all&amp;lossy=1&amp;ssl=1\"> <img decoding=\"async\" src=\"https:\/\/e6aw7htmhtb.exactdn.com\/wp-content\/plugins\/sitepress-multilingual-cms\/res\/flags\/en.png?strip=all&amp;lossy=1&amp;ssl=1\">&nbsp; m. + 45 2041 2405 e.  <a href=\"mailto:ove@75012.dk\">ove@75012.dk<\/a>&nbsp;<\/p>\n<p>Olga Lundager, w\u0142a\u015bcicielka i dyrektor ds. marketingu<\/p>\n<p><img decoding=\"async\" src=\"https:\/\/e6aw7htmhtb.exactdn.com\/wp-content\/plugins\/sitepress-multilingual-cms\/res\/flags\/da.png?strip=all&amp;lossy=1&amp;ssl=1\"> <img decoding=\"async\" src=\"https:\/\/e6aw7htmhtb.exactdn.com\/wp-content\/plugins\/sitepress-multilingual-cms\/res\/flags\/en.png?strip=all&amp;lossy=1&amp;ssl=1\"> <img decoding=\"async\" src=\"https:\/\/e6aw7htmhtb.exactdn.com\/wp-content\/uploads\/2023\/03\/ru.png?strip=all&resize=18%2C14\" alt=\"\" width=\"18\" height=\"14\"> m. + 45 2215 7194 e.  <a href=\"mailto:olga@75012.dk\">olga@75012.dk<\/a>&nbsp;<\/p>\n<h4>Ksi\u0119gowo\u015b\u0107<\/h4>\n<p>Sanne Karlsen, Ksi\u0119gowo\u015b\u0107 (poniedzia\u0142ek i czwartek)<br \/><img decoding=\"async\" src=\"https:\/\/e6aw7htmhtb.exactdn.com\/wp-content\/plugins\/sitepress-multilingual-cms\/res\/flags\/da.png?strip=all&amp;lossy=1&amp;ssl=1\"> <img decoding=\"async\" src=\"https:\/\/e6aw7htmhtb.exactdn.com\/wp-content\/plugins\/sitepress-multilingual-cms\/res\/flags\/en.png?strip=all&amp;lossy=1&amp;ssl=1\">&nbsp;&nbsp;m. + 45 2855 9903 e.  <a href=\"mailto:bogholderi@75012.dk\">bogholderi@75012.dk<\/a>&nbsp;<\/p>\n<h4>Zasoby ludzkie<\/h4>\n<p>Mia Amdi Marqvardsen, dyrektor dzia\u0142u kadr<\/p>\n<p><img decoding=\"async\" src=\"https:\/\/e6aw7htmhtb.exactdn.com\/wp-content\/plugins\/sitepress-multilingual-cms\/res\/flags\/da.png?strip=all&amp;lossy=1&amp;ssl=1\"> <img decoding=\"async\" src=\"https:\/\/e6aw7htmhtb.exactdn.com\/wp-content\/plugins\/sitepress-multilingual-cms\/res\/flags\/en.png?strip=all&amp;lossy=1&amp;ssl=1\"> m. + 45 3090 7203 e.  <a href=\"mailto:mia@75012.dk\">Mia@75012.dk<\/a><\/p>\n<h4>produkcja<\/h4>\n<p>Asbj\u00f8rn Lynge Kristensen, koordynator techniczny<\/p>\n<p><img decoding=\"async\" src=\"https:\/\/e6aw7htmhtb.exactdn.com\/wp-content\/plugins\/sitepress-multilingual-cms\/res\/flags\/da.png?strip=all&amp;lossy=1&amp;ssl=1\"> <img decoding=\"async\" src=\"https:\/\/e6aw7htmhtb.exactdn.com\/wp-content\/plugins\/sitepress-multilingual-cms\/res\/flags\/en.png?strip=all&amp;lossy=1&amp;ssl=1\">&nbsp; m. +45 3090 7201  <a href=\"mailto:asbjorn@75012.dk\">asbjorn@75012.dk<\/a><\/p>\n<\/div>\n\t\t\t\t\t\t\t\t\t<div class=\"elementor-tab-title elementor-tab-mobile-title\" aria-selected=\"false\" data-tab=\"3\" role=\"tab\" tabindex=\"-1\" aria-controls=\"elementor-tab-content-3543\" aria-expanded=\"false\">Hala pakowania<\/div>\n\t\t\t\t\t<div id=\"elementor-tab-content-3543\" class=\"elementor-tab-content elementor-clearfix\" data-tab=\"3\" role=\"tabpanel\" aria-labelledby=\"elementor-tab-title-3543\" tabindex=\"0\" hidden=\"hidden\"><p>Anders M\u00f8ller Dalgaard, Przewodnicz\u0105cy Pakietu<\/p>\n<p><img decoding=\"async\" src=\"https:\/\/e6aw7htmhtb.exactdn.com\/wp-content\/plugins\/sitepress-multilingual-cms\/res\/flags\/da.png?strip=all&amp;lossy=1&amp;ssl=1\"> <img decoding=\"async\" src=\"https:\/\/e6aw7htmhtb.exactdn.com\/wp-content\/plugins\/sitepress-multilingual-cms\/res\/flags\/en.png?strip=all&amp;lossy=1&amp;ssl=1\"> m. + 45 2477 9920  <\/p>\n<p>Carsten Andersen, Danpot<\/p>\n<p><img decoding=\"async\" src=\"https:\/\/e6aw7htmhtb.exactdn.com\/wp-content\/plugins\/sitepress-multilingual-cms\/res\/flags\/da.png?strip=all&amp;lossy=1&amp;ssl=1\"> <img decoding=\"async\" src=\"https:\/\/e6aw7htmhtb.exactdn.com\/wp-content\/plugins\/sitepress-multilingual-cms\/res\/flags\/en.png?strip=all&amp;lossy=1&amp;ssl=1\"> m. + 45 2361 1585 e.  <a href=\"mailto:sale@75012.dk\">fangelvej33@75012.dk<\/a> <\/p>\n<\/div>\n\t\t\t\t\t\t\t<\/div>\n\t\t<\/div>\n\t\t\t\t\t\t<\/div>\n\t\t\t\t<\/div>\n\t\t\t\t\t<\/div>\n\t\t<\/div>\n\t\t\t\t\t<\/div>\n\t\t<\/section>\n\t\t\t\t<\/div>\n\t\t","protected":false},"excerpt":{"rendered":"<p>Kategorie Om LUNDAGER Tingdal by Lundager Medarbejdere Certifikater Katalog Messer LDP 2020 Energioptimering Sprzeda\u017c Administracja Hala pakowania Sprzeda\u017c OGRODNIKA LUNDAGER A\/S Rasmus Dupont Larsen, dyrektor sprzeda\u017cy &nbsp;m. + 45 2687 0350 e. rasmus@75012.dk&nbsp; Viktorija Spakova, Regionalny kierownik ds. sprzeda\u017cy Holandia i Europa Wschodnia m. + 45 2260 3402&nbsp;e. sale@75012.dk &nbsp; Marcin G\u0142uszkowski, Senior Sales Manager [&hellip;]<\/p>\n","protected":false},"author":2,"featured_media":0,"parent":20807,"menu_order":0,"comment_status":"closed","ping_status":"closed","template":"","meta":{"_acf_changed":false,"footnotes":""},"class_list":["post-20787","page","type-page","status-publish","hentry"],"acf":[],"_links":{"self":[{"href":"https:\/\/lundagerplants.com\/pl\/wp-json\/wp\/v2\/pages\/20787","targetHints":{"allow":["GET"]}}],"collection":[{"href":"https:\/\/lundagerplants.com\/pl\/wp-json\/wp\/v2\/pages"}],"about":[{"href":"https:\/\/lundagerplants.com\/pl\/wp-json\/wp\/v2\/types\/page"}],"author":[{"embeddable":true,"href":"https:\/\/lundagerplants.com\/pl\/wp-json\/wp\/v2\/users\/2"}],"replies":[{"embeddable":true,"href":"https:\/\/lundagerplants.com\/pl\/wp-json\/wp\/v2\/comments?post=20787"}],"version-history":[{"count":21,"href":"https:\/\/lundagerplants.com\/pl\/wp-json\/wp\/v2\/pages\/20787\/revisions"}],"predecessor-version":[{"id":61843,"href":"https:\/\/lundagerplants.com\/pl\/wp-json\/wp\/v2\/pages\/20787\/revisions\/61843"}],"up":[{"embeddable":true,"href":"https:\/\/lundagerplants.com\/pl\/wp-json\/wp\/v2\/pages\/20807"}],"wp:attachment":[{"href":"https:\/\/lundagerplants.com\/pl\/wp-json\/wp\/v2\/media?parent=20787"}],"curies":[{"name":"wp","href":"https:\/\/api.w.org\/{rel}","templated":true}]}}