{"id":79479,"date":"2026-01-13T16:51:42","date_gmt":"2026-01-13T14:51:42","guid":{"rendered":"https:\/\/lundagerplants.com\/produkter\/l-67366-cactus-mix\/"},"modified":"2026-01-13T16:51:42","modified_gmt":"2026-01-13T14:51:42","slug":"l-67366-cactus-mix","status":"publish","type":"product","link":"https:\/\/lundagerplants.com\/fr\/produits\/l-67366-cactus-mix\/","title":{"rendered":"Cactus Mix"},"content":{"rendered":"<p>Bem\u00e6rk venligst: Hver plante er unik og reagerer p\u00e5 s\u00e6sonm\u00e6ssige forhold. Selvom vi bestr\u00e6ber os p\u00e5 at pakke og levere et produkt, der i udseende og kvalitet ligger s\u00e5 t\u00e6t som muligt p\u00e5 det viste billede, kan der forekomme variationer i farve, st\u00f8rrelse, form og v\u00e6kst afh\u00e6ngigt af s\u00e6sonen. S\u00e6sonbetingede v\u00e6kstvariationer betragtes ikke som fejl eller mangler. Varernes ydre fremtoning kan variere og afvige fra det viste billede.<\/p>\n","protected":false},"excerpt":{"rendered":"<p>Pottest\u00f8rrelse: \u00d8 6 cm<br \/>\nH\u00f8jde:  cm<\/p>\n<p>12 stk. pr. kasse<br \/>\n6 kasser pr. lag<br \/>\n72 kasser pr. CC<\/p>\n","protected":false},"featured_media":79473,"template":"","meta":{"_acf_changed":false},"product_brand":[],"product_cat":[292],"product_tag":[],"class_list":{"0":"post-79479","1":"product","2":"type-product","3":"status-publish","4":"has-post-thumbnail","6":"product_cat-alle-kategorier","8":"first","9":"instock","10":"shipping-taxable","11":"product-type-simple"},"acf":[],"_links":{"self":[{"href":"https:\/\/lundagerplants.com\/fr\/wp-json\/wp\/v2\/product\/79479","targetHints":{"allow":["GET"]}}],"collection":[{"href":"https:\/\/lundagerplants.com\/fr\/wp-json\/wp\/v2\/product"}],"about":[{"href":"https:\/\/lundagerplants.com\/fr\/wp-json\/wp\/v2\/types\/product"}],"wp:featuredmedia":[{"embeddable":true,"href":"https:\/\/lundagerplants.com\/fr\/wp-json\/wp\/v2\/media\/79473"}],"wp:attachment":[{"href":"https:\/\/lundagerplants.com\/fr\/wp-json\/wp\/v2\/media?parent=79479"}],"wp:term":[{"taxonomy":"product_brand","embeddable":true,"href":"https:\/\/lundagerplants.com\/fr\/wp-json\/wp\/v2\/product_brand?post=79479"},{"taxonomy":"product_cat","embeddable":true,"href":"https:\/\/lundagerplants.com\/fr\/wp-json\/wp\/v2\/product_cat?post=79479"},{"taxonomy":"product_tag","embeddable":true,"href":"https:\/\/lundagerplants.com\/fr\/wp-json\/wp\/v2\/product_tag?post=79479"}],"curies":[{"name":"wp","href":"https:\/\/api.w.org\/{rel}","templated":true}]}}