{"id":69680,"date":"2025-10-15T09:28:38","date_gmt":"2025-10-15T07:28:38","guid":{"rendered":"https:\/\/lundagerplants.com\/produkter\/aglaonema-pictum-tricolor\/"},"modified":"2025-10-15T09:28:38","modified_gmt":"2025-10-15T07:28:38","slug":"aglaonema-pictum-tricolor","status":"publish","type":"product","link":"https:\/\/lundagerplants.com\/fr\/produits\/aglaonema-pictum-tricolor\/","title":{"rendered":"Aglaonema Pictum Tricolor"},"content":{"rendered":"","protected":false},"excerpt":{"rendered":"<div class=\"elementor-element elementor-element-9b965c8 elementor-widget elementor-widget-woocommerce-product-title elementor-page-title elementor-widget-heading is-mac\" data-id=\"9b965c8\" data-element_type=\"widget\" data-widget_type=\"woocommerce-product-title.default\">\n<div class=\"elementor-widget-container\">\n<p>12 pi\u00e8ces dans la bo\u00eete<\/p>\n<\/div>\n<\/div>\n<div class=\"elementor-element elementor-element-6ea59f0 elementor-widget elementor-widget-woocommerce-product-short-description is-mac\" data-id=\"6ea59f0\" data-element_type=\"widget\" data-widget_type=\"woocommerce-product-short-description.default\">\n<div class=\"elementor-widget-container\">\n<div class=\"woocommerce-product-details__short-description\">\n<p>10 bo\u00eetes ou 120 pi\u00e8ces par couche<\/p>\n<p>11 couches ou 110 bo\u00eetes ou 1320 pi\u00e8ces \/ CC<\/p>\n<p>Nous ne sommes pas responsables des changements de couleur et de taille des plantes en fonction de la saison. Les changements saisonniers dans la croissance des plantes ne sont pas consid\u00e9r\u00e9s comme une faute ou un d\u00e9faut. L&rsquo;\u00e9tat ext\u00e9rieur des marchandises peut varier par rapport \u00e0 l&rsquo;image sur <a href=\"https:\/\/www.lundagerplants.com\/\">www.lundagerplants.com.<\/a>  <\/p>\n<\/div>\n<\/div>\n<\/div>\n","protected":false},"featured_media":69681,"template":"","meta":{"_acf_changed":false},"product_brand":[],"product_cat":[695,693,692,690],"product_tag":[],"class_list":{"0":"post-69680","1":"product","2":"type-product","3":"status-publish","4":"has-post-thumbnail","6":"product_cat-aglaonema-fr","7":"product_cat-plantes-vertes","8":"product_cat-plantes-vertes-6-cm","9":"product_cat-toutes-les-categories","11":"first","12":"instock","13":"shipping-taxable","14":"product-type-simple"},"acf":[],"_links":{"self":[{"href":"https:\/\/lundagerplants.com\/fr\/wp-json\/wp\/v2\/product\/69680","targetHints":{"allow":["GET"]}}],"collection":[{"href":"https:\/\/lundagerplants.com\/fr\/wp-json\/wp\/v2\/product"}],"about":[{"href":"https:\/\/lundagerplants.com\/fr\/wp-json\/wp\/v2\/types\/product"}],"wp:featuredmedia":[{"embeddable":true,"href":"https:\/\/lundagerplants.com\/fr\/wp-json\/wp\/v2\/media\/69681"}],"wp:attachment":[{"href":"https:\/\/lundagerplants.com\/fr\/wp-json\/wp\/v2\/media?parent=69680"}],"wp:term":[{"taxonomy":"product_brand","embeddable":true,"href":"https:\/\/lundagerplants.com\/fr\/wp-json\/wp\/v2\/product_brand?post=69680"},{"taxonomy":"product_cat","embeddable":true,"href":"https:\/\/lundagerplants.com\/fr\/wp-json\/wp\/v2\/product_cat?post=69680"},{"taxonomy":"product_tag","embeddable":true,"href":"https:\/\/lundagerplants.com\/fr\/wp-json\/wp\/v2\/product_tag?post=69680"}],"curies":[{"name":"wp","href":"https:\/\/api.w.org\/{rel}","templated":true}]}}