{"id":58456,"date":"2017-11-21T14:57:27","date_gmt":"2025-02-14T10:37:02","guid":{"rendered":"https:\/\/lundagerplants.com\/produkter\/l-503-p-avec-cactus-mix-6-cm\/"},"modified":"2025-02-14T12:37:02","modified_gmt":"2025-02-14T10:37:02","slug":"l-503-p-avec-cactus-mix-6-cm","status":"publish","type":"product","link":"https:\/\/lundagerplants.com\/fr\/produits\/l-503-p-avec-cactus-mix-6-cm\/","title":{"rendered":"L 503 p. avec Cactus MIX 6 cm"},"content":{"rendered":"<p>LUNDAGERPLANTS &#8211; Con\u00e7u par LUNDAGER<\/p>\n","protected":false},"excerpt":{"rendered":"<p>12 pi\u00e8ces dans la bo\u00eete<\/p>\n<p>6 bo\u00eetes ou 72 pi\u00e8ces par couche<\/p>\n<p>9 couches ou 54 bo\u00eetes ou 648 pi\u00e8ces \/ CC<\/p>\n<p>Nous ne sommes pas responsables des changements de couleur et de taille des plantes en fonction de la saison. Les changements saisonniers dans la croissance des plantes ne sont pas consid\u00e9r\u00e9s comme une faute ou un d\u00e9faut. L&rsquo;\u00e9tat ext\u00e9rieur des marchandises peut varier par rapport \u00e0 l&rsquo;image sur <a href=\"http:\/\/www.lundagerplants.com\/\">www.lundagerplants.com.<\/a>  <\/p>\n<p>La composition des bo\u00eetes MIX peut varier de temps en temps, car nous nous effor\u00e7ons d&#8217;emballer les meilleures plantes que nous avons en stock.<\/p>\n","protected":false},"featured_media":58451,"template":"","meta":{"_acf_changed":false},"product_brand":[],"product_cat":[690,714,716],"product_tag":[],"class_list":{"0":"post-58456","1":"product","2":"type-product","3":"status-publish","4":"has-post-thumbnail","6":"product_cat-toutes-les-categories","7":"product_cat-designs-by-lundager-fr","8":"product_cat-designs-by-lundager-dolomite-fr","10":"first","11":"instock","12":"shipping-taxable","13":"product-type-simple"},"acf":[],"_links":{"self":[{"href":"https:\/\/lundagerplants.com\/fr\/wp-json\/wp\/v2\/product\/58456","targetHints":{"allow":["GET"]}}],"collection":[{"href":"https:\/\/lundagerplants.com\/fr\/wp-json\/wp\/v2\/product"}],"about":[{"href":"https:\/\/lundagerplants.com\/fr\/wp-json\/wp\/v2\/types\/product"}],"wp:featuredmedia":[{"embeddable":true,"href":"https:\/\/lundagerplants.com\/fr\/wp-json\/wp\/v2\/media\/58451"}],"wp:attachment":[{"href":"https:\/\/lundagerplants.com\/fr\/wp-json\/wp\/v2\/media?parent=58456"}],"wp:term":[{"taxonomy":"product_brand","embeddable":true,"href":"https:\/\/lundagerplants.com\/fr\/wp-json\/wp\/v2\/product_brand?post=58456"},{"taxonomy":"product_cat","embeddable":true,"href":"https:\/\/lundagerplants.com\/fr\/wp-json\/wp\/v2\/product_cat?post=58456"},{"taxonomy":"product_tag","embeddable":true,"href":"https:\/\/lundagerplants.com\/fr\/wp-json\/wp\/v2\/product_tag?post=58456"}],"curies":[{"name":"wp","href":"https:\/\/api.w.org\/{rel}","templated":true}]}}