{"id":57646,"date":"2025-02-13T10:34:58","date_gmt":"2025-02-13T08:36:14","guid":{"rendered":"https:\/\/lundagerplants.com\/produkter\/l-65588-avec-spathiphyllum-6-cm\/"},"modified":"2025-02-13T10:36:14","modified_gmt":"2025-02-13T08:36:14","slug":"l-65588-avec-spathiphyllum-6-cm","status":"publish","type":"product","link":"https:\/\/lundagerplants.com\/fr\/produits\/l-65588-avec-spathiphyllum-6-cm\/","title":{"rendered":"L 65588 avec Spathiphyllum 6 cm"},"content":{"rendered":"","protected":false},"excerpt":{"rendered":"<p class=\"p1\"><span class=\"s1\">12 pi\u00e8ces dans la bo\u00eete<\/span><\/p>\n<p class=\"p1\"><span class=\"s1\">6 bo\u00eetes ou 72 pi\u00e8ces par couche<\/span><\/p>\n<p class=\"p1\"><span class=\"s1\">Nous ne sommes pas responsables des changements de couleur et de taille des plantes en fonction de la saison. Les variations saisonni\u00e8res de la croissance des plantes ne sont pas consid\u00e9r\u00e9es comme une faute ou un d\u00e9faut. L&rsquo;\u00e9tat ext\u00e9rieur de la marchandise peut diff\u00e9rer de l&rsquo;image pr\u00e9sent\u00e9e sur le site Internet <a href=\"https:\/\/www.lundagerplants.com\/\"><span class=\"s2\">www.lundagerplants.com<\/span><\/a>.<\/span><\/p>\n<p class=\"p1\"><span class=\"s1\">La composition des bo\u00eetes MIX peut varier de temps en temps, car nous nous effor\u00e7ons d&#8217;emballer les meilleures plantes que nous avons en stock.<\/span><\/p>\n","protected":false},"featured_media":57641,"template":"","meta":{"_acf_changed":false},"product_brand":[],"product_cat":[697,690,702,704,720,699],"product_tag":[],"class_list":{"0":"post-57646","1":"product","2":"type-product","3":"status-publish","4":"has-post-thumbnail","6":"product_cat-nouvelles","7":"product_cat-toutes-les-categories","8":"product_cat-fete-des-meres","9":"product_cat-la-saint-valentin","10":"product_cat-nouvelles-valeurs-ajoutees","11":"product_cat-valeur-ajoutee-concepts","13":"first","14":"instock","15":"shipping-taxable","16":"product-type-simple"},"acf":[],"_links":{"self":[{"href":"https:\/\/lundagerplants.com\/fr\/wp-json\/wp\/v2\/product\/57646","targetHints":{"allow":["GET"]}}],"collection":[{"href":"https:\/\/lundagerplants.com\/fr\/wp-json\/wp\/v2\/product"}],"about":[{"href":"https:\/\/lundagerplants.com\/fr\/wp-json\/wp\/v2\/types\/product"}],"wp:featuredmedia":[{"embeddable":true,"href":"https:\/\/lundagerplants.com\/fr\/wp-json\/wp\/v2\/media\/57641"}],"wp:attachment":[{"href":"https:\/\/lundagerplants.com\/fr\/wp-json\/wp\/v2\/media?parent=57646"}],"wp:term":[{"taxonomy":"product_brand","embeddable":true,"href":"https:\/\/lundagerplants.com\/fr\/wp-json\/wp\/v2\/product_brand?post=57646"},{"taxonomy":"product_cat","embeddable":true,"href":"https:\/\/lundagerplants.com\/fr\/wp-json\/wp\/v2\/product_cat?post=57646"},{"taxonomy":"product_tag","embeddable":true,"href":"https:\/\/lundagerplants.com\/fr\/wp-json\/wp\/v2\/product_tag?post=57646"}],"curies":[{"name":"wp","href":"https:\/\/api.w.org\/{rel}","templated":true}]}}