{"id":56982,"date":"2024-12-05T14:02:54","date_gmt":"2025-01-30T14:39:06","guid":{"rendered":"https:\/\/lundagerplants.com\/produkter\/euphorbia-milii-mix\/"},"modified":"2025-01-30T16:39:06","modified_gmt":"2025-01-30T14:39:06","slug":"euphorbia-milii-mix","status":"publish","type":"product","link":"https:\/\/lundagerplants.com\/fr\/produits\/euphorbia-milii-mix\/","title":{"rendered":"Euphorbia Milii MIX"},"content":{"rendered":"","protected":false},"excerpt":{"rendered":"<p>12 pi\u00e8ces par bo\u00eete 10 bo\u00eetes ou 120 pi\u00e8ces par couche 11 couches ou 110 bo\u00eetes ou 1320 pi\u00e8ces\/CC Nous ne sommes pas responsables des changements de couleur et de taille des plantes en fonction de la saison. Les changements saisonniers dans la croissance des plantes ne sont pas consid\u00e9r\u00e9s comme une faute ou un d\u00e9faut. L&rsquo;\u00e9tat ext\u00e9rieur des articles peut varier par rapport \u00e0 l&rsquo;image sur <a href=\"https:\/\/www.lundagerplants.com\/\">www.lundagerplants.com.<\/a><\/p>\n","protected":false},"featured_media":57139,"template":"","meta":{"_acf_changed":false},"product_brand":[],"product_cat":[694,690],"product_tag":[],"class_list":{"0":"post-56982","1":"product","2":"type-product","3":"status-publish","4":"has-post-thumbnail","6":"product_cat-boites-mixtes-6-cm","7":"product_cat-toutes-les-categories","9":"first","10":"instock","11":"shipping-taxable","12":"product-type-simple"},"acf":[],"_links":{"self":[{"href":"https:\/\/lundagerplants.com\/fr\/wp-json\/wp\/v2\/product\/56982","targetHints":{"allow":["GET"]}}],"collection":[{"href":"https:\/\/lundagerplants.com\/fr\/wp-json\/wp\/v2\/product"}],"about":[{"href":"https:\/\/lundagerplants.com\/fr\/wp-json\/wp\/v2\/types\/product"}],"wp:featuredmedia":[{"embeddable":true,"href":"https:\/\/lundagerplants.com\/fr\/wp-json\/wp\/v2\/media\/57139"}],"wp:attachment":[{"href":"https:\/\/lundagerplants.com\/fr\/wp-json\/wp\/v2\/media?parent=56982"}],"wp:term":[{"taxonomy":"product_brand","embeddable":true,"href":"https:\/\/lundagerplants.com\/fr\/wp-json\/wp\/v2\/product_brand?post=56982"},{"taxonomy":"product_cat","embeddable":true,"href":"https:\/\/lundagerplants.com\/fr\/wp-json\/wp\/v2\/product_cat?post=56982"},{"taxonomy":"product_tag","embeddable":true,"href":"https:\/\/lundagerplants.com\/fr\/wp-json\/wp\/v2\/product_tag?post=56982"}],"curies":[{"name":"wp","href":"https:\/\/api.w.org\/{rel}","templated":true}]}}