{"id":13847,"date":"2016-03-22T08:30:45","date_gmt":"2016-03-22T06:30:45","guid":{"rendered":"https:\/\/lundagerplants.com\/?product=platycerium-bifurcatum"},"modified":"2022-12-15T16:15:49","modified_gmt":"2022-12-15T14:15:49","slug":"platycerium-bifurcatum","status":"publish","type":"product","link":"https:\/\/lundagerplants.com\/fr\/produits\/platycerium-bifurcatum\/","title":{"rendered":"Platycerium Bifurcatum"},"content":{"rendered":"","protected":false},"excerpt":{"rendered":"<p>8 stk. i kassen<\/p>\n<p>4 kasser eller\u00a032 stk \/ lag<\/p>\n<p>7 lag eller 28 kasser eller 224 stk \/ CC<\/p>\n<p>Vi b\u00e6rer intet ansvar for, at planter \u00e6ndrer farver og st\u00f8rrelse afh\u00e6ngig af s\u00e6sonen. Planternes s\u00e6sonbetingede v\u00e6kstforandringer betragtes ikke som fejl eller mangel. Varernes ydre tilstand kan variere fra billedet p\u00e5 <a href=\"http:\/\/www.lundagerplants.com\/\">www.lundagerplants.com<\/a>.<\/p>\n<p>&nbsp;<\/p>\n","protected":false},"featured_media":13848,"template":"","meta":{"_acf_changed":false},"product_brand":[],"product_cat":[415,292,322],"product_tag":[],"class_list":{"0":"post-13847","1":"product","2":"type-product","3":"status-publish","4":"has-post-thumbnail","6":"product_cat-groenne-planter","7":"product_cat-alle-kategorier","8":"product_cat-gronne-planter-12-cm","10":"first","11":"outofstock","12":"shipping-taxable","13":"product-type-simple"},"acf":[],"_links":{"self":[{"href":"https:\/\/lundagerplants.com\/fr\/wp-json\/wp\/v2\/product\/13847","targetHints":{"allow":["GET"]}}],"collection":[{"href":"https:\/\/lundagerplants.com\/fr\/wp-json\/wp\/v2\/product"}],"about":[{"href":"https:\/\/lundagerplants.com\/fr\/wp-json\/wp\/v2\/types\/product"}],"wp:featuredmedia":[{"embeddable":true,"href":"https:\/\/lundagerplants.com\/fr\/wp-json\/wp\/v2\/media\/13848"}],"wp:attachment":[{"href":"https:\/\/lundagerplants.com\/fr\/wp-json\/wp\/v2\/media?parent=13847"}],"wp:term":[{"taxonomy":"product_brand","embeddable":true,"href":"https:\/\/lundagerplants.com\/fr\/wp-json\/wp\/v2\/product_brand?post=13847"},{"taxonomy":"product_cat","embeddable":true,"href":"https:\/\/lundagerplants.com\/fr\/wp-json\/wp\/v2\/product_cat?post=13847"},{"taxonomy":"product_tag","embeddable":true,"href":"https:\/\/lundagerplants.com\/fr\/wp-json\/wp\/v2\/product_tag?post=13847"}],"curies":[{"name":"wp","href":"https:\/\/api.w.org\/{rel}","templated":true}]}}