{"id":56918,"date":"2025-01-30T15:58:47","date_gmt":"2025-01-30T13:58:47","guid":{"rendered":"https:\/\/lundagerplants.com\/optimisation-energetique\/"},"modified":"2025-05-09T08:46:11","modified_gmt":"2025-05-09T06:46:11","slug":"optimisation-energetique","status":"publish","type":"page","link":"https:\/\/lundagerplants.com\/fr\/optimisation-energetique\/","title":{"rendered":"Optimisation \u00e9nerg\u00e9tique"},"content":{"rendered":"\t\t<div data-elementor-type=\"wp-page\" data-elementor-id=\"56918\" class=\"elementor elementor-56918 elementor-54199\" data-elementor-post-type=\"page\">\n\t\t\t\t\t\t<section class=\"elementor-section elementor-top-section elementor-element elementor-element-c654e1b elementor-section-boxed elementor-section-height-default elementor-section-height-default\" data-id=\"c654e1b\" data-element_type=\"section\" data-settings=\"{&quot;jet_parallax_layout_list&quot;:[]}\">\n\t\t\t\t\t\t<div class=\"elementor-container elementor-column-gap-default\">\n\t\t\t\t\t<div class=\"elementor-column elementor-col-100 elementor-top-column elementor-element elementor-element-bfdc1c2\" data-id=\"bfdc1c2\" data-element_type=\"column\">\n\t\t\t<div class=\"elementor-widget-wrap elementor-element-populated\">\n\t\t\t\t\t\t<div class=\"elementor-element elementor-element-9731f5d elementor-widget elementor-widget-spacer\" data-id=\"9731f5d\" data-element_type=\"widget\" data-widget_type=\"spacer.default\">\n\t\t\t\t<div class=\"elementor-widget-container\">\n\t\t\t\t\t\t\t<div class=\"elementor-spacer\">\n\t\t\t<div class=\"elementor-spacer-inner\"><\/div>\n\t\t<\/div>\n\t\t\t\t\t\t<\/div>\n\t\t\t\t<\/div>\n\t\t\t\t\t<\/div>\n\t\t<\/div>\n\t\t\t\t\t<\/div>\n\t\t<\/section>\n\t\t\t\t<section class=\"elementor-section elementor-top-section elementor-element elementor-element-b32ff76 elementor-section-boxed elementor-section-height-default elementor-section-height-default\" data-id=\"b32ff76\" data-element_type=\"section\" data-settings=\"{&quot;jet_parallax_layout_list&quot;:[]}\">\n\t\t\t\t\t\t<div class=\"elementor-container elementor-column-gap-extended\">\n\t\t\t\t\t<div class=\"elementor-column elementor-col-50 elementor-top-column elementor-element elementor-element-6197091\" data-id=\"6197091\" data-element_type=\"column\">\n\t\t\t<div class=\"elementor-widget-wrap elementor-element-populated\">\n\t\t\t\t\t\t<div class=\"elementor-element elementor-element-76f2c13 elementor-widget elementor-widget-heading\" data-id=\"76f2c13\" data-element_type=\"widget\" data-widget_type=\"heading.default\">\n\t\t\t\t<div class=\"elementor-widget-container\">\n\t\t\t\t\t<h2 class=\"elementor-heading-title elementor-size-default\">D\u00e9couvrez nos initiatives de r\u00e9duction des \u00e9missions de CO\u2082<\/h2>\t\t\t\t<\/div>\n\t\t\t\t<\/div>\n\t\t\t\t<div class=\"elementor-element elementor-element-255cc1c elementor-widget elementor-widget-text-editor\" data-id=\"255cc1c\" data-element_type=\"widget\" data-widget_type=\"text-editor.default\">\n\t\t\t\t<div class=\"elementor-widget-container\">\n\t\t\t\t\t\t\t\t\t<p>D\u00e9couvrez comment nous optimisons la consommation d&rsquo;\u00e9nergie et cr\u00e9ons un changement durable gr\u00e2ce \u00e0 nos projets en cours.<\/p>\t\t\t\t\t\t\t\t<\/div>\n\t\t\t\t<\/div>\n\t\t\t\t<div class=\"elementor-element elementor-element-5c978f8 elementor-widget elementor-widget-button\" data-id=\"5c978f8\" data-element_type=\"widget\" data-widget_type=\"button.default\">\n\t\t\t\t<div class=\"elementor-widget-container\">\n\t\t\t\t\t\t\t\t\t<div class=\"elementor-button-wrapper\">\n\t\t\t\t\t<a class=\"elementor-button elementor-button-link elementor-size-sm\" href=\"#project1\">\n\t\t\t\t\t\t<span class=\"elementor-button-content-wrapper\">\n\t\t\t\t\t\t\t\t\t<span class=\"elementor-button-text\">  Explorer les projets d'optimisation \u00e9nerg\u00e9tique<\/span>\n\t\t\t\t\t<\/span>\n\t\t\t\t\t<\/a>\n\t\t\t\t<\/div>\n\t\t\t\t\t\t\t\t<\/div>\n\t\t\t\t<\/div>\n\t\t\t\t\t<\/div>\n\t\t<\/div>\n\t\t\t\t<div class=\"elementor-column elementor-col-50 elementor-top-column elementor-element elementor-element-463d1f1\" data-id=\"463d1f1\" data-element_type=\"column\">\n\t\t\t<div class=\"elementor-widget-wrap elementor-element-populated\">\n\t\t\t\t\t\t<div class=\"elementor-element elementor-element-ad5fba8 elementor-widget elementor-widget-image\" data-id=\"ad5fba8\" data-element_type=\"widget\" data-widget_type=\"image.default\">\n\t\t\t\t<div class=\"elementor-widget-container\">\n\t\t\t\t\t\t\t\t\t\t\t\t\t\t\t<img fetchpriority=\"high\" decoding=\"async\" width=\"1024\" height=\"683\" src=\"https:\/\/e6aw7htmhtb.exactdn.com\/wp-content\/uploads\/2025\/01\/solar-panels-lundager-min-1-1024x683.jpg?strip=all\" class=\"attachment-large size-large wp-image-56926\" alt=\"\" srcset=\"https:\/\/e6aw7htmhtb.exactdn.com\/wp-content\/uploads\/2025\/01\/solar-panels-lundager-min-1-1024x683.jpg?strip=all 1024w, https:\/\/e6aw7htmhtb.exactdn.com\/wp-content\/uploads\/2025\/01\/solar-panels-lundager-min-1-300x200.jpg?strip=all 300w, https:\/\/e6aw7htmhtb.exactdn.com\/wp-content\/uploads\/2025\/01\/solar-panels-lundager-min-1-768x512.jpg?strip=all 768w, https:\/\/e6aw7htmhtb.exactdn.com\/wp-content\/uploads\/2025\/01\/solar-panels-lundager-min-1-1536x1024.jpg?strip=all 1536w, https:\/\/e6aw7htmhtb.exactdn.com\/wp-content\/uploads\/2025\/01\/solar-panels-lundager-min-1-600x400.jpg?strip=all 600w, https:\/\/e6aw7htmhtb.exactdn.com\/wp-content\/uploads\/2025\/01\/solar-panels-lundager-min-1.jpg?strip=all 1920w, https:\/\/e6aw7htmhtb.exactdn.com\/wp-content\/uploads\/2025\/01\/solar-panels-lundager-min-1.jpg?strip=all&amp;w=384 384w, https:\/\/e6aw7htmhtb.exactdn.com\/wp-content\/uploads\/2025\/01\/solar-panels-lundager-min-1.jpg?strip=all&amp;w=1152 1152w, https:\/\/e6aw7htmhtb.exactdn.com\/wp-content\/uploads\/2025\/01\/solar-panels-lundager-min-1.jpg?strip=all&amp;w=450 450w\" sizes=\"(max-width: 1024px) 100vw, 1024px\" \/>\t\t\t\t\t\t\t\t\t\t\t\t\t\t\t<\/div>\n\t\t\t\t<\/div>\n\t\t\t\t\t<\/div>\n\t\t<\/div>\n\t\t\t\t\t<\/div>\n\t\t<\/section>\n\t\t\t\t<section class=\"elementor-section elementor-top-section elementor-element elementor-element-de2c86b elementor-section-boxed elementor-section-height-default elementor-section-height-default\" data-id=\"de2c86b\" data-element_type=\"section\" data-settings=\"{&quot;jet_parallax_layout_list&quot;:[]}\">\n\t\t\t\t\t\t<div class=\"elementor-container elementor-column-gap-default\">\n\t\t\t\t\t<div class=\"elementor-column elementor-col-100 elementor-top-column elementor-element elementor-element-9457cd5\" data-id=\"9457cd5\" data-element_type=\"column\">\n\t\t\t<div class=\"elementor-widget-wrap elementor-element-populated\">\n\t\t\t\t\t\t<div class=\"elementor-element elementor-element-be422a1 elementor-widget elementor-widget-spacer\" data-id=\"be422a1\" data-element_type=\"widget\" data-widget_type=\"spacer.default\">\n\t\t\t\t<div class=\"elementor-widget-container\">\n\t\t\t\t\t\t\t<div class=\"elementor-spacer\">\n\t\t\t<div class=\"elementor-spacer-inner\"><\/div>\n\t\t<\/div>\n\t\t\t\t\t\t<\/div>\n\t\t\t\t<\/div>\n\t\t\t\t\t<\/div>\n\t\t<\/div>\n\t\t\t\t\t<\/div>\n\t\t<\/section>\n\t\t\t\t<section class=\"elementor-section elementor-top-section elementor-element elementor-element-87c7218 elementor-section-boxed elementor-section-height-default elementor-section-height-default\" data-id=\"87c7218\" data-element_type=\"section\" data-settings=\"{&quot;jet_parallax_layout_list&quot;:[],&quot;background_background&quot;:&quot;classic&quot;}\">\n\t\t\t\t\t\t<div class=\"elementor-container elementor-column-gap-default\">\n\t\t\t\t\t<div class=\"elementor-column elementor-col-100 elementor-top-column elementor-element elementor-element-8807527\" data-id=\"8807527\" data-element_type=\"column\">\n\t\t\t<div class=\"elementor-widget-wrap elementor-element-populated\">\n\t\t\t\t\t\t<div class=\"elementor-element elementor-element-36e0247 elementor-widget elementor-widget-spacer\" data-id=\"36e0247\" data-element_type=\"widget\" data-widget_type=\"spacer.default\">\n\t\t\t\t<div class=\"elementor-widget-container\">\n\t\t\t\t\t\t\t<div class=\"elementor-spacer\">\n\t\t\t<div class=\"elementor-spacer-inner\"><\/div>\n\t\t<\/div>\n\t\t\t\t\t\t<\/div>\n\t\t\t\t<\/div>\n\t\t\t\t\t<\/div>\n\t\t<\/div>\n\t\t\t\t\t<\/div>\n\t\t<\/section>\n\t\t\t\t<section class=\"elementor-section elementor-top-section elementor-element elementor-element-4bcff5e elementor-section-stretched elementor-section-boxed elementor-section-height-default elementor-section-height-default\" data-id=\"4bcff5e\" data-element_type=\"section\" data-settings=\"{&quot;stretch_section&quot;:&quot;section-stretched&quot;,&quot;jet_parallax_layout_list&quot;:[],&quot;background_background&quot;:&quot;classic&quot;}\">\n\t\t\t\t\t\t<div class=\"elementor-container elementor-column-gap-extended\">\n\t\t\t\t\t<div class=\"elementor-column elementor-col-50 elementor-top-column elementor-element elementor-element-76a608d\" data-id=\"76a608d\" data-element_type=\"column\" id=\"project1\">\n\t\t\t<div class=\"elementor-widget-wrap elementor-element-populated\">\n\t\t\t\t\t\t<div class=\"elementor-element elementor-element-22bcdb5 elementor-widget elementor-widget-image\" data-id=\"22bcdb5\" data-element_type=\"widget\" data-widget_type=\"image.default\">\n\t\t\t\t<div class=\"elementor-widget-container\">\n\t\t\t\t\t\t\t\t\t\t\t\t\t\t\t\t<a href=\"https:\/\/lundagerplants.com\/wp-content\/uploads\/2025\/05\/Skilt-Fangelvej-35-Udskiftning-af-LED-og-gardiner.pdf\" target=\"_blank\">\n\t\t\t\t\t\t\t<img decoding=\"async\" width=\"601\" height=\"853\" src=\"https:\/\/e6aw7htmhtb.exactdn.com\/wp-content\/uploads\/2025\/05\/Skilt-Fangelvej-35-Udskiftning-af-LED-og-gardiner.png?strip=all\" class=\"attachment-large size-large wp-image-66431\" alt=\"\" srcset=\"https:\/\/e6aw7htmhtb.exactdn.com\/wp-content\/uploads\/2025\/05\/Skilt-Fangelvej-35-Udskiftning-af-LED-og-gardiner.png?strip=all 601w, https:\/\/e6aw7htmhtb.exactdn.com\/wp-content\/uploads\/2025\/05\/Skilt-Fangelvej-35-Udskiftning-af-LED-og-gardiner-211x300.png?strip=all 211w, https:\/\/e6aw7htmhtb.exactdn.com\/wp-content\/uploads\/2025\/05\/Skilt-Fangelvej-35-Udskiftning-af-LED-og-gardiner-300x426.png?strip=all 300w, https:\/\/e6aw7htmhtb.exactdn.com\/wp-content\/uploads\/2025\/05\/Skilt-Fangelvej-35-Udskiftning-af-LED-og-gardiner-423x600.png?strip=all 423w, https:\/\/e6aw7htmhtb.exactdn.com\/wp-content\/uploads\/2025\/05\/Skilt-Fangelvej-35-Udskiftning-af-LED-og-gardiner-64x91.png?strip=all 64w, https:\/\/e6aw7htmhtb.exactdn.com\/wp-content\/uploads\/2025\/05\/Skilt-Fangelvej-35-Udskiftning-af-LED-og-gardiner.png?strip=all&amp;w=120 120w, https:\/\/e6aw7htmhtb.exactdn.com\/wp-content\/uploads\/2025\/05\/Skilt-Fangelvej-35-Udskiftning-af-LED-og-gardiner.png?strip=all&amp;w=360 360w, https:\/\/e6aw7htmhtb.exactdn.com\/wp-content\/uploads\/2025\/05\/Skilt-Fangelvej-35-Udskiftning-af-LED-og-gardiner.png?strip=all&amp;w=480 480w\" sizes=\"(max-width: 601px) 100vw, 601px\" \/>\t\t\t\t\t\t\t\t<\/a>\n\t\t\t\t\t\t\t\t\t\t\t\t\t\t\t<\/div>\n\t\t\t\t<\/div>\n\t\t\t\t\t<\/div>\n\t\t<\/div>\n\t\t\t\t<div class=\"elementor-column elementor-col-50 elementor-top-column elementor-element elementor-element-4eca6fd\" data-id=\"4eca6fd\" data-element_type=\"column\">\n\t\t\t<div class=\"elementor-widget-wrap elementor-element-populated\">\n\t\t\t\t\t\t<div class=\"elementor-element elementor-element-da0700f elementor-widget elementor-widget-image\" data-id=\"da0700f\" data-element_type=\"widget\" data-widget_type=\"image.default\">\n\t\t\t\t<div class=\"elementor-widget-container\">\n\t\t\t\t\t\t\t\t\t\t\t\t\t\t\t\t<a href=\"https:\/\/lundagerplants.com\/wp-content\/uploads\/2025\/05\/Skilt-Production-Projekt-vedrorende-LED-udskiftning-samt-Gardiner.pdf\" target=\"_blank\">\n\t\t\t\t\t\t\t<img decoding=\"async\" width=\"619\" height=\"878\" src=\"https:\/\/e6aw7htmhtb.exactdn.com\/wp-content\/uploads\/2025\/05\/Skilt-Production-Projekt-vedrorende-LED-udskiftning-samt-Gardiner-1.png?strip=all\" class=\"attachment-large size-large wp-image-66501\" alt=\"\" srcset=\"https:\/\/e6aw7htmhtb.exactdn.com\/wp-content\/uploads\/2025\/05\/Skilt-Production-Projekt-vedrorende-LED-udskiftning-samt-Gardiner-1.png?strip=all 619w, https:\/\/e6aw7htmhtb.exactdn.com\/wp-content\/uploads\/2025\/05\/Skilt-Production-Projekt-vedrorende-LED-udskiftning-samt-Gardiner-1-212x300.png?strip=all 212w, https:\/\/e6aw7htmhtb.exactdn.com\/wp-content\/uploads\/2025\/05\/Skilt-Production-Projekt-vedrorende-LED-udskiftning-samt-Gardiner-1-300x426.png?strip=all 300w, https:\/\/e6aw7htmhtb.exactdn.com\/wp-content\/uploads\/2025\/05\/Skilt-Production-Projekt-vedrorende-LED-udskiftning-samt-Gardiner-1-423x600.png?strip=all 423w, https:\/\/e6aw7htmhtb.exactdn.com\/wp-content\/uploads\/2025\/05\/Skilt-Production-Projekt-vedrorende-LED-udskiftning-samt-Gardiner-1-64x91.png?strip=all 64w, https:\/\/e6aw7htmhtb.exactdn.com\/wp-content\/uploads\/2025\/05\/Skilt-Production-Projekt-vedrorende-LED-udskiftning-samt-Gardiner-1.png?strip=all&amp;w=123 123w, https:\/\/e6aw7htmhtb.exactdn.com\/wp-content\/uploads\/2025\/05\/Skilt-Production-Projekt-vedrorende-LED-udskiftning-samt-Gardiner-1.png?strip=all&amp;w=371 371w, https:\/\/e6aw7htmhtb.exactdn.com\/wp-content\/uploads\/2025\/05\/Skilt-Production-Projekt-vedrorende-LED-udskiftning-samt-Gardiner-1.png?strip=all&amp;w=495 495w\" sizes=\"(max-width: 619px) 100vw, 619px\" \/>\t\t\t\t\t\t\t\t<\/a>\n\t\t\t\t\t\t\t\t\t\t\t\t\t\t\t<\/div>\n\t\t\t\t<\/div>\n\t\t\t\t\t<\/div>\n\t\t<\/div>\n\t\t\t\t\t<\/div>\n\t\t<\/section>\n\t\t\t\t<section class=\"elementor-section elementor-top-section elementor-element elementor-element-0f0d72b elementor-section-stretched elementor-section-boxed elementor-section-height-default elementor-section-height-default\" data-id=\"0f0d72b\" data-element_type=\"section\" data-settings=\"{&quot;stretch_section&quot;:&quot;section-stretched&quot;,&quot;jet_parallax_layout_list&quot;:[],&quot;background_background&quot;:&quot;classic&quot;}\">\n\t\t\t\t\t\t<div class=\"elementor-container elementor-column-gap-extended\">\n\t\t\t\t\t<div class=\"elementor-column elementor-col-50 elementor-top-column elementor-element elementor-element-4e4f4d7\" data-id=\"4e4f4d7\" data-element_type=\"column\">\n\t\t\t<div class=\"elementor-widget-wrap elementor-element-populated\">\n\t\t\t\t\t\t<div class=\"elementor-element elementor-element-f82c3d5 elementor-widget elementor-widget-image\" data-id=\"f82c3d5\" data-element_type=\"widget\" data-widget_type=\"image.default\">\n\t\t\t\t<div class=\"elementor-widget-container\">\n\t\t\t\t\t\t\t\t\t\t\t\t\t\t\t\t<a href=\"https:\/\/lundagerplants.com\/wp-content\/uploads\/2025\/05\/Skilt-Tingdal-Ansogning-vedr.-LED-gardiner-og-isolering.pdf\">\n\t\t\t\t\t\t\t<img loading=\"lazy\" decoding=\"async\" width=\"621\" height=\"880\" src=\"https:\/\/e6aw7htmhtb.exactdn.com\/wp-content\/uploads\/2025\/05\/Skilt-Tingdal-Ansogning-vedr.-LED-gardiner-og-isolering.png?strip=all\" class=\"attachment-large size-large wp-image-66455\" alt=\"\" srcset=\"https:\/\/e6aw7htmhtb.exactdn.com\/wp-content\/uploads\/2025\/05\/Skilt-Tingdal-Ansogning-vedr.-LED-gardiner-og-isolering.png?strip=all 621w, https:\/\/e6aw7htmhtb.exactdn.com\/wp-content\/uploads\/2025\/05\/Skilt-Tingdal-Ansogning-vedr.-LED-gardiner-og-isolering-212x300.png?strip=all 212w, https:\/\/e6aw7htmhtb.exactdn.com\/wp-content\/uploads\/2025\/05\/Skilt-Tingdal-Ansogning-vedr.-LED-gardiner-og-isolering-300x425.png?strip=all 300w, https:\/\/e6aw7htmhtb.exactdn.com\/wp-content\/uploads\/2025\/05\/Skilt-Tingdal-Ansogning-vedr.-LED-gardiner-og-isolering-423x600.png?strip=all 423w, https:\/\/e6aw7htmhtb.exactdn.com\/wp-content\/uploads\/2025\/05\/Skilt-Tingdal-Ansogning-vedr.-LED-gardiner-og-isolering-64x91.png?strip=all 64w, https:\/\/e6aw7htmhtb.exactdn.com\/wp-content\/uploads\/2025\/05\/Skilt-Tingdal-Ansogning-vedr.-LED-gardiner-og-isolering.png?strip=all&amp;w=124 124w, https:\/\/e6aw7htmhtb.exactdn.com\/wp-content\/uploads\/2025\/05\/Skilt-Tingdal-Ansogning-vedr.-LED-gardiner-og-isolering.png?strip=all&amp;w=372 372w, https:\/\/e6aw7htmhtb.exactdn.com\/wp-content\/uploads\/2025\/05\/Skilt-Tingdal-Ansogning-vedr.-LED-gardiner-og-isolering.png?strip=all&amp;w=496 496w\" sizes=\"(max-width: 621px) 100vw, 621px\" \/>\t\t\t\t\t\t\t\t<\/a>\n\t\t\t\t\t\t\t\t\t\t\t\t\t\t\t<\/div>\n\t\t\t\t<\/div>\n\t\t\t\t\t<\/div>\n\t\t<\/div>\n\t\t\t\t<div class=\"elementor-column elementor-col-50 elementor-top-column elementor-element elementor-element-636b9ee\" data-id=\"636b9ee\" data-element_type=\"column\">\n\t\t\t<div class=\"elementor-widget-wrap elementor-element-populated\">\n\t\t\t\t\t\t<div class=\"elementor-element elementor-element-fc259b5 elementor-widget elementor-widget-image\" data-id=\"fc259b5\" data-element_type=\"widget\" data-widget_type=\"image.default\">\n\t\t\t\t<div class=\"elementor-widget-container\">\n\t\t\t\t\t\t\t\t\t\t\t\t\t\t\t<img loading=\"lazy\" decoding=\"async\" width=\"552\" height=\"788\" src=\"https:\/\/e6aw7htmhtb.exactdn.com\/wp-content\/uploads\/2023\/11\/Udklip.png?strip=all\" class=\"attachment-large size-large wp-image-56920\" alt=\"\" srcset=\"https:\/\/e6aw7htmhtb.exactdn.com\/wp-content\/uploads\/2023\/11\/Udklip.png?strip=all 552w, https:\/\/e6aw7htmhtb.exactdn.com\/wp-content\/uploads\/2023\/11\/Udklip-210x300.png?strip=all 210w, https:\/\/e6aw7htmhtb.exactdn.com\/wp-content\/uploads\/2023\/11\/Udklip-300x428.png?strip=all 300w, https:\/\/e6aw7htmhtb.exactdn.com\/wp-content\/uploads\/2023\/11\/Udklip-420x600.png?strip=all 420w, https:\/\/e6aw7htmhtb.exactdn.com\/wp-content\/uploads\/2023\/11\/Udklip.png?strip=all&amp;w=110 110w\" sizes=\"(max-width: 552px) 100vw, 552px\" \/>\t\t\t\t\t\t\t\t\t\t\t\t\t\t\t<\/div>\n\t\t\t\t<\/div>\n\t\t\t\t\t<\/div>\n\t\t<\/div>\n\t\t\t\t\t<\/div>\n\t\t<\/section>\n\t\t\t\t<section class=\"elementor-section elementor-top-section elementor-element elementor-element-2734743 elementor-section-boxed elementor-section-height-default elementor-section-height-default\" data-id=\"2734743\" data-element_type=\"section\" data-settings=\"{&quot;jet_parallax_layout_list&quot;:[],&quot;background_background&quot;:&quot;classic&quot;}\">\n\t\t\t\t\t\t<div class=\"elementor-container elementor-column-gap-default\">\n\t\t\t\t\t<div class=\"elementor-column elementor-col-100 elementor-top-column elementor-element elementor-element-03953a8\" data-id=\"03953a8\" data-element_type=\"column\">\n\t\t\t<div class=\"elementor-widget-wrap elementor-element-populated\">\n\t\t\t\t\t\t<div class=\"elementor-element elementor-element-b491112 elementor-widget elementor-widget-spacer\" data-id=\"b491112\" data-element_type=\"widget\" data-widget_type=\"spacer.default\">\n\t\t\t\t<div class=\"elementor-widget-container\">\n\t\t\t\t\t\t\t<div class=\"elementor-spacer\">\n\t\t\t<div class=\"elementor-spacer-inner\"><\/div>\n\t\t<\/div>\n\t\t\t\t\t\t<\/div>\n\t\t\t\t<\/div>\n\t\t\t\t<div class=\"elementor-element elementor-element-3bd283f elementor-widget elementor-widget-heading\" data-id=\"3bd283f\" data-element_type=\"widget\" data-widget_type=\"heading.default\">\n\t\t\t\t<div class=\"elementor-widget-container\">\n\t\t\t\t\t<h2 class=\"elementor-heading-title elementor-size-default\">Lien vers la Commission europ\u00e9enne :<\/h2>\t\t\t\t<\/div>\n\t\t\t\t<\/div>\n\t\t\t\t<div class=\"elementor-element elementor-element-5c2e1e9 elementor-widget elementor-widget-text-editor\" data-id=\"5c2e1e9\" data-element_type=\"widget\" data-widget_type=\"text-editor.default\">\n\t\t\t\t<div class=\"elementor-widget-container\">\n\t\t\t\t\t\t\t\t\t<p><a href=\"https:\/\/agriculture.ec.europa.eu\/common-agricultural-policy\/rural-development_da\" target=\"_blank\" rel=\"noopener\">Commission europ\u00e9enne, Fonds europ\u00e9en agricole pour le d\u00e9veloppement rural<\/a><\/p>\t\t\t\t\t\t\t\t<\/div>\n\t\t\t\t<\/div>\n\t\t\t\t<div class=\"elementor-element elementor-element-4e18ae7 elementor-widget elementor-widget-spacer\" data-id=\"4e18ae7\" data-element_type=\"widget\" data-widget_type=\"spacer.default\">\n\t\t\t\t<div class=\"elementor-widget-container\">\n\t\t\t\t\t\t\t<div class=\"elementor-spacer\">\n\t\t\t<div class=\"elementor-spacer-inner\"><\/div>\n\t\t<\/div>\n\t\t\t\t\t\t<\/div>\n\t\t\t\t<\/div>\n\t\t\t\t\t<\/div>\n\t\t<\/div>\n\t\t\t\t\t<\/div>\n\t\t<\/section>\n\t\t\t\t<\/div>\n\t\t","protected":false},"excerpt":{"rendered":"<p>D\u00e9couvrez nos initiatives de r\u00e9duction des \u00e9missions de CO\u2082 D\u00e9couvrez comment nous optimisons la consommation d&rsquo;\u00e9nergie et cr\u00e9ons un changement durable gr\u00e2ce \u00e0 nos projets en cours. Explorer les projets d&rsquo;optimisation \u00e9nerg\u00e9tique Lien vers la Commission europ\u00e9enne : Commission europ\u00e9enne, Fonds europ\u00e9en agricole pour le d\u00e9veloppement rural<\/p>\n","protected":false},"author":18,"featured_media":0,"parent":0,"menu_order":0,"comment_status":"closed","ping_status":"closed","template":"","meta":{"_acf_changed":false,"footnotes":""},"class_list":["post-56918","page","type-page","status-publish","hentry"],"acf":[],"_links":{"self":[{"href":"https:\/\/lundagerplants.com\/fr\/wp-json\/wp\/v2\/pages\/56918","targetHints":{"allow":["GET"]}}],"collection":[{"href":"https:\/\/lundagerplants.com\/fr\/wp-json\/wp\/v2\/pages"}],"about":[{"href":"https:\/\/lundagerplants.com\/fr\/wp-json\/wp\/v2\/types\/page"}],"author":[{"embeddable":true,"href":"https:\/\/lundagerplants.com\/fr\/wp-json\/wp\/v2\/users\/18"}],"replies":[{"embeddable":true,"href":"https:\/\/lundagerplants.com\/fr\/wp-json\/wp\/v2\/comments?post=56918"}],"version-history":[{"count":5,"href":"https:\/\/lundagerplants.com\/fr\/wp-json\/wp\/v2\/pages\/56918\/revisions"}],"predecessor-version":[{"id":66581,"href":"https:\/\/lundagerplants.com\/fr\/wp-json\/wp\/v2\/pages\/56918\/revisions\/66581"}],"wp:attachment":[{"href":"https:\/\/lundagerplants.com\/fr\/wp-json\/wp\/v2\/media?parent=56918"}],"curies":[{"name":"wp","href":"https:\/\/api.w.org\/{rel}","templated":true}]}}