{"id":21878,"date":"2021-12-08T12:54:05","date_gmt":"2021-12-08T10:54:05","guid":{"rendered":"https:\/\/lundagerplants.com\/?post_type=product&#038;p=21878"},"modified":"2022-12-01T12:48:59","modified_gmt":"2022-12-01T10:48:59","slug":"philodendron-pink-princess-12-cm","status":"publish","type":"product","link":"https:\/\/lundagerplants.com\/en\/produkter\/philodendron-pink-princess-12-cm\/","title":{"rendered":"Philodendron Pink Princess 12 cm"},"content":{"rendered":"","protected":false},"excerpt":{"rendered":"<p>8 stk i kassen<\/p>\n<p>4 kasser eller 32 stk \/ lag<\/p>\n<p>7 lag eller 28 kasser eller 224 stk \/ CC<\/p>\n<p>Vi b\u00e6rer intet ansvar for, at planter \u00e6ndrer farver og st\u00f8rrelse afh\u00e6ngig af s\u00e6sonen. Planternes s\u00e6sonbetingede v\u00e6kstforandringer betragtes ikke som fejl eller mangel. Varernes ydre tilstand kan variere fra billedet p\u00e5\u00a0<a href=\"https:\/\/www.lundagerplants.com\/\">www.lundagerplants.com<\/a>.<\/p>\n","protected":false},"featured_media":21879,"template":"","meta":{"_acf_changed":false},"product_brand":[],"product_cat":[292,415,322],"product_tag":[],"class_list":{"0":"post-21878","1":"product","2":"type-product","3":"status-publish","4":"has-post-thumbnail","6":"product_cat-alle-kategorier","7":"product_cat-groenne-planter","8":"product_cat-gronne-planter-12-cm","10":"first","11":"instock","12":"shipping-taxable","13":"product-type-simple"},"acf":[],"_links":{"self":[{"href":"https:\/\/lundagerplants.com\/en\/wp-json\/wp\/v2\/product\/21878","targetHints":{"allow":["GET"]}}],"collection":[{"href":"https:\/\/lundagerplants.com\/en\/wp-json\/wp\/v2\/product"}],"about":[{"href":"https:\/\/lundagerplants.com\/en\/wp-json\/wp\/v2\/types\/product"}],"wp:featuredmedia":[{"embeddable":true,"href":"https:\/\/lundagerplants.com\/en\/wp-json\/wp\/v2\/media\/21879"}],"wp:attachment":[{"href":"https:\/\/lundagerplants.com\/en\/wp-json\/wp\/v2\/media?parent=21878"}],"wp:term":[{"taxonomy":"product_brand","embeddable":true,"href":"https:\/\/lundagerplants.com\/en\/wp-json\/wp\/v2\/product_brand?post=21878"},{"taxonomy":"product_cat","embeddable":true,"href":"https:\/\/lundagerplants.com\/en\/wp-json\/wp\/v2\/product_cat?post=21878"},{"taxonomy":"product_tag","embeddable":true,"href":"https:\/\/lundagerplants.com\/en\/wp-json\/wp\/v2\/product_tag?post=21878"}],"curies":[{"name":"wp","href":"https:\/\/api.w.org\/{rel}","templated":true}]}}