{"id":58402,"date":"2019-01-08T09:19:12","date_gmt":"2025-02-14T10:18:17","guid":{"rendered":"https:\/\/lundagerplants.com\/produkter\/l-639-s-mit-cactus-mix\/"},"modified":"2025-02-14T12:18:17","modified_gmt":"2025-02-14T10:18:17","slug":"l-639-s-mit-cactus-mix","status":"publish","type":"product","link":"https:\/\/lundagerplants.com\/de\/produkte\/l-639-s-mit-cactus-mix\/","title":{"rendered":"L 639 S. mit Cactus MIX"},"content":{"rendered":"<p>LUNDAGERPLANTS &#8211; Entworfen von LUNDAGER<\/p>\n","protected":false},"excerpt":{"rendered":"<p>12 St\u00fcck in der Schachtel<\/p>\n<p>6 Schachteln oder 72 St\u00fcck \/ Schicht<\/p>\n<p>9 Schichten oder 54 Kartons oder 648 St\u00fcck \/ CC<\/p>\n<p>Wir sind nicht daf\u00fcr verantwortlich, dass sich Farbe und Gr\u00f6\u00dfe der Pflanzen je nach Jahreszeit \u00e4ndern. Saisonale Schwankungen im Pflanzenwachstum gelten nicht als Fehler oder Mangel. Der \u00e4u\u00dfere Zustand der Ware kann von der Abbildung auf <a href=\"http:\/\/www.lundagerplants.com\/\">www.lundagerplants.com abweichen .<\/a>  <\/p>\n<p>Die Zusammensetzung der MIX-Boxen kann von Zeit zu Zeit variieren, da wir uns bem\u00fchen, die besten Pflanzen zu verpacken, die wir auf Lager haben.<\/p>\n","protected":false},"featured_media":58395,"template":"","meta":{"_acf_changed":false},"product_brand":[],"product_cat":[495,559,562],"product_tag":[],"class_list":{"0":"post-58402","1":"product","2":"type-product","3":"status-publish","4":"has-post-thumbnail","6":"product_cat-alle-kategorien","7":"product_cat-designs-von-lundager","8":"product_cat-designs-von-lundager-stoneware","10":"first","11":"instock","12":"shipping-taxable","13":"product-type-simple"},"acf":[],"_links":{"self":[{"href":"https:\/\/lundagerplants.com\/de\/wp-json\/wp\/v2\/product\/58402","targetHints":{"allow":["GET"]}}],"collection":[{"href":"https:\/\/lundagerplants.com\/de\/wp-json\/wp\/v2\/product"}],"about":[{"href":"https:\/\/lundagerplants.com\/de\/wp-json\/wp\/v2\/types\/product"}],"wp:featuredmedia":[{"embeddable":true,"href":"https:\/\/lundagerplants.com\/de\/wp-json\/wp\/v2\/media\/58395"}],"wp:attachment":[{"href":"https:\/\/lundagerplants.com\/de\/wp-json\/wp\/v2\/media?parent=58402"}],"wp:term":[{"taxonomy":"product_brand","embeddable":true,"href":"https:\/\/lundagerplants.com\/de\/wp-json\/wp\/v2\/product_brand?post=58402"},{"taxonomy":"product_cat","embeddable":true,"href":"https:\/\/lundagerplants.com\/de\/wp-json\/wp\/v2\/product_cat?post=58402"},{"taxonomy":"product_tag","embeddable":true,"href":"https:\/\/lundagerplants.com\/de\/wp-json\/wp\/v2\/product_tag?post=58402"}],"curies":[{"name":"wp","href":"https:\/\/api.w.org\/{rel}","templated":true}]}}