{"id":57480,"date":"2025-02-13T09:13:34","date_gmt":"2025-02-13T07:15:08","guid":{"rendered":"https:\/\/lundagerplants.com\/produkter\/l-868-ohne-pflanzen-6-cm\/"},"modified":"2025-04-03T10:29:30","modified_gmt":"2025-04-03T08:29:30","slug":"l-868-ohne-pflanzen-6-cm","status":"publish","type":"product","link":"https:\/\/lundagerplants.com\/de\/produkte\/l-868-ohne-pflanzen-6-cm\/","title":{"rendered":"L 868 ohne Pflanzen 6 cm"},"content":{"rendered":"","protected":false},"excerpt":{"rendered":"<p>12 St\u00fcck in der Schachtel<\/p>\n<p>6 Schachteln oder 72 St\u00fcck \/ Schicht<\/p>\n<p><span data-teams=\"true\">Unsere einzigartig gestalteten Keramikt\u00f6pfe werden ohne Pflanzen verkauft und k\u00f6nnen separat erworben werden. Wenn Sie die perfekte Pflanze f\u00fcr Ihren Topf suchen, schauen Sie sich unsere Pflanzenkollektion an oder kontaktieren Sie unser Verkaufsteam f\u00fcr eine pers\u00f6nliche Beratung. <\/span><\/p>\n","protected":false},"featured_media":57476,"template":"","meta":{"_acf_changed":false},"product_brand":[],"product_cat":[495,499,501,342],"product_tag":[759,760],"class_list":{"0":"post-57480","1":"product","2":"type-product","3":"status-publish","4":"has-post-thumbnail","6":"product_cat-alle-kategorien","7":"product_cat-muttertag","8":"product_cat-st-valentin-de","9":"product_cat-nye-planter","10":"product_tag-nachrichten","11":"product_tag-neue-wertschoepfung","13":"first","14":"instock","15":"shipping-taxable","16":"product-type-simple"},"acf":[],"_links":{"self":[{"href":"https:\/\/lundagerplants.com\/de\/wp-json\/wp\/v2\/product\/57480","targetHints":{"allow":["GET"]}}],"collection":[{"href":"https:\/\/lundagerplants.com\/de\/wp-json\/wp\/v2\/product"}],"about":[{"href":"https:\/\/lundagerplants.com\/de\/wp-json\/wp\/v2\/types\/product"}],"wp:featuredmedia":[{"embeddable":true,"href":"https:\/\/lundagerplants.com\/de\/wp-json\/wp\/v2\/media\/57476"}],"wp:attachment":[{"href":"https:\/\/lundagerplants.com\/de\/wp-json\/wp\/v2\/media?parent=57480"}],"wp:term":[{"taxonomy":"product_brand","embeddable":true,"href":"https:\/\/lundagerplants.com\/de\/wp-json\/wp\/v2\/product_brand?post=57480"},{"taxonomy":"product_cat","embeddable":true,"href":"https:\/\/lundagerplants.com\/de\/wp-json\/wp\/v2\/product_cat?post=57480"},{"taxonomy":"product_tag","embeddable":true,"href":"https:\/\/lundagerplants.com\/de\/wp-json\/wp\/v2\/product_tag?post=57480"}],"curies":[{"name":"wp","href":"https:\/\/api.w.org\/{rel}","templated":true}]}}