{"id":13000,"date":"2016-02-09T11:28:27","date_gmt":"2016-02-09T09:28:27","guid":{"rendered":"https:\/\/lundagerplants.com\/?product=crassula-money-maker-jade-magic"},"modified":"2022-12-01T12:39:21","modified_gmt":"2022-12-01T10:39:21","slug":"crassula-money-maker-jade-magicr","status":"publish","type":"product","link":"https:\/\/lundagerplants.com\/de\/produkte\/crassula-money-maker-jade-magicr\/","title":{"rendered":"Crassula Money Maker Jade  Magic\u00ae"},"content":{"rendered":"","protected":false},"excerpt":{"rendered":"<p><span style=\"color: #2f2f2f;font-family: 'Arial','sans-serif';font-size: 9pt\">12\u00a0stk i kassen<!--?xml:namespace prefix = \"o\" ns = \"urn:schemas-microsoft-com:office:office\" \/--><\/span><!--?xml:namespace prefix = \"o\" ns = \"urn:schemas-microsoft-com:office:office\" \/--><!--?xml:namespace prefix = \"o\" ns = \"urn:schemas-microsoft-com:office:office\" \/--><\/p>\n<p><span style=\"color: #2f2f2f;font-family: 'Arial','sans-serif';font-size: 9pt\">10 kasser eller\u00a0120 stk \/ lag<\/span><\/p>\n<p><span style=\"color: #2f2f2f;font-family: 'Arial','sans-serif';font-size: 9pt\">11\u00a0lag eller\u00a0110 kasser eller 1320 stk \/ CC<\/span><\/p>\n<p><span style=\"color: #2f2f2f;font-family: 'Arial','sans-serif';font-size: 9pt\">Vi b\u00e6rer intet ansvar for, at planter \u00e6ndrer farver og st\u00f8rrelse afh\u00e6ngig af s\u00e6sonen. Planternes s\u00e6sonbetingede v\u00e6kstforandringer betragtes ikke som fejl eller mangel. Varernes ydre tilstand kan variere fra billedet p\u00e5 <a href=\"http:\/\/www.lundagerplants.com\/\">www.lundagerplants.com<\/a>.<\/span><\/p>\n","protected":false},"featured_media":13001,"template":"","meta":{"_acf_changed":false},"product_brand":[],"product_cat":[416,292,294],"product_tag":[],"class_list":{"0":"post-13000","1":"product","2":"type-product","3":"status-publish","4":"has-post-thumbnail","6":"product_cat-sukkulenter","7":"product_cat-alle-kategorier","8":"product_cat-sukkulenter-6-cm","10":"first","11":"instock","12":"shipping-taxable","13":"product-type-simple"},"acf":[],"_links":{"self":[{"href":"https:\/\/lundagerplants.com\/de\/wp-json\/wp\/v2\/product\/13000","targetHints":{"allow":["GET"]}}],"collection":[{"href":"https:\/\/lundagerplants.com\/de\/wp-json\/wp\/v2\/product"}],"about":[{"href":"https:\/\/lundagerplants.com\/de\/wp-json\/wp\/v2\/types\/product"}],"wp:featuredmedia":[{"embeddable":true,"href":"https:\/\/lundagerplants.com\/de\/wp-json\/wp\/v2\/media\/13001"}],"wp:attachment":[{"href":"https:\/\/lundagerplants.com\/de\/wp-json\/wp\/v2\/media?parent=13000"}],"wp:term":[{"taxonomy":"product_brand","embeddable":true,"href":"https:\/\/lundagerplants.com\/de\/wp-json\/wp\/v2\/product_brand?post=13000"},{"taxonomy":"product_cat","embeddable":true,"href":"https:\/\/lundagerplants.com\/de\/wp-json\/wp\/v2\/product_cat?post=13000"},{"taxonomy":"product_tag","embeddable":true,"href":"https:\/\/lundagerplants.com\/de\/wp-json\/wp\/v2\/product_tag?post=13000"}],"curies":[{"name":"wp","href":"https:\/\/api.w.org\/{rel}","templated":true}]}}